{"id":4,"date":"2016-03-16T09:59:18","date_gmt":"2016-03-16T06:59:18","guid":{"rendered":"http:\/\/www.drhakanerbilpoliklinigi.com\/?page_id=4"},"modified":"2025-10-28T14:42:33","modified_gmt":"2025-10-28T11:42:33","slug":"anasayfa","status":"publish","type":"page","link":"https:\/\/www.drhakanerbilpoliklinigi.com\/en\/","title":{"rendered":"Home Page"},"content":{"rendered":"<div class=\"wpb-content-wrapper\"><p>[vc_row][vc_column][vc_empty_space height=&#8221;50px&#8221;][\/vc_column][\/vc_row][vc_row][vc_column][vc_text_separator title=&#8221;This website was updated on October 28, 2025.&#8221; border_width=&#8221;4&#8243;][\/vc_column][\/vc_row][vc_row][vc_column][vc_empty_space height=&#8221;10px&#8221;][\/vc_column][\/vc_row][vc_row][vc_column][vc_text_separator title=&#8221;Contact Us&#8221; border_width=&#8221;4&#8243;][\/vc_column][\/vc_row][vc_row gap=&#8221;35&#8243;][vc_column width=&#8221;1\/3&#8243;][vc_message]<\/p>\n<h3 style=\"text-align: center;\"><span style=\"color: #808080;\"><strong>LEGAL WARNING<\/strong><\/span><\/h3>\n<p>[\/vc_message][vc_column_text]<\/p>\n<p id=\"yasal-uyari\" style=\"text-align: justify;\">All articles and images on this website are for informational purposes only. Prof. Dr. Ahmet Hakan Erbil, Assoc. Prof. Pelin E\u015fme and Dr. Zuhal G\u00fcndo\u011fdu are not responsible of any harm that may arise from any practice that is attempted unconsciously without consulting a doctor. People who visit this web page are deemed to have accepted these rules. Our site is for informational purposes only and no liability is accepted for this. Since the information on the site cannot be updated every day, each information must be checked by the visitor in consultation with the doctor. Our site does not carry any commercial concerns. It is not intended for diagnosis or treatment purposes. It does not contain advertising or sponsorship.<\/p>\n<p>[\/vc_column_text][\/vc_column][vc_column width=&#8221;1\/3&#8243;][vc_text_separator title=&#8221;CONTACT FORM&#8221; style=&#8221;shadow&#8221; border_width=&#8221;4&#8243; css_animation=&#8221;none&#8221;]\n<div class=\"wpcf7 no-js\" id=\"wpcf7-f10405-o2\" lang=\"en-US\" dir=\"ltr\">\n<div class=\"screen-reader-response\"><p role=\"status\" aria-live=\"polite\" aria-atomic=\"true\"><\/p> <ul><\/ul><\/div>\n<form action=\"\/en\/wp-json\/wp\/v2\/pages\/4#wpcf7-f10405-o2\" method=\"post\" class=\"wpcf7-form init\" aria-label=\"Contact form\" novalidate=\"novalidate\" data-status=\"init\">\n<div style=\"display: none;\">\n<input type=\"hidden\" name=\"_wpcf7\" value=\"10405\" \/>\n<input type=\"hidden\" name=\"_wpcf7_version\" value=\"5.9.8\" \/>\n<input type=\"hidden\" name=\"_wpcf7_locale\" value=\"en_US\" \/>\n<input type=\"hidden\" name=\"_wpcf7_unit_tag\" value=\"wpcf7-f10405-o2\" \/>\n<input type=\"hidden\" name=\"_wpcf7_container_post\" value=\"0\" \/>\n<input type=\"hidden\" name=\"_wpcf7_posted_data_hash\" value=\"\" \/>\n<\/div>\n<p>[vc_row]<br \/>\n[vc_column]<span class=\"wpcf7-form-control-wrap\" data-name=\"firstname\"><input size=\"40\" maxlength=\"400\" class=\"wpcf7-form-control wpcf7-text wpcf7-validates-as-required\" aria-required=\"true\" aria-invalid=\"false\" placeholder=\"Name &amp; Surname\" value=\"\" type=\"text\" name=\"firstname\" \/><\/span>[\/vc_column]<br \/>\n[vc_empty_space height=\"2px\"]<br \/>\n[vc_column]<span class=\"wpcf7-form-control-wrap\" data-name=\"phonumber\"><input size=\"40\" maxlength=\"400\" class=\"wpcf7-form-control wpcf7-tel wpcf7-text wpcf7-validates-as-tel\" aria-invalid=\"false\" placeholder=\"Phone Number\" value=\"\" type=\"tel\" name=\"phonumber\" \/><\/span>[\/vc_column]<br \/>\n[vc_empty_space height=\"2px\"]<br \/>\n[vc_column]<span class=\"wpcf7-form-control-wrap\" data-name=\"email-573\"><input size=\"40\" maxlength=\"400\" class=\"wpcf7-form-control wpcf7-email wpcf7-validates-as-required wpcf7-text wpcf7-validates-as-email\" aria-required=\"true\" aria-invalid=\"false\" placeholder=\"E-Mail\" value=\"\" type=\"email\" name=\"email-573\" \/><\/span>[\/vc_column]<br \/>\n[vc_empty_space height=\"2px\"]<br \/>\n[vc_column]<span class=\"wpcf7-form-control-wrap\" data-name=\"textarea-98\"><textarea cols=\"40\" rows=\"10\" maxlength=\"2000\" class=\"wpcf7-form-control wpcf7-textarea\" aria-invalid=\"false\" placeholder=\"Subject\" name=\"textarea-98\"><\/textarea><\/span>[\/vc_column]<br \/>\n[vc_empty_space height=\"2px\"]<br \/>\n[vc_column]<input class=\"wpcf7-form-control wpcf7-submit has-spinner\" type=\"submit\" value=\"Send\" \/>[\/vc_column]<br \/>\n[\/vc_row]\n<\/p><div class=\"wpcf7-response-output\" aria-hidden=\"true\"><\/div>\n<\/form>\n<\/div>\n[\/vc_column][vc_column width=&#8221;1\/3&#8243;][vc_column_text]<iframe loading=\"lazy\" style=\"border: 0;\" src=\"https:\/\/www.google.com\/maps\/embed?pb=!1m18!1m12!1m3!1d3061.1046731189917!2d32.69959797640794!3d39.89428868727066!2m3!1f0!2f0!3f0!3m2!1i1024!2i768!4f13.1!3m3!1m2!1s0x14d3392867ac7e1d%3A0x3a88587e37f6c630!2zw5Z6ZWwgRHIgSGFrYW4gRXJiaWwgw5xtaXRrw7Z5IFBvbGlrbGluacSfaQ!5e0!3m2!1str!2str!4v1709178088482!5m2!1str!2str\" width=\"100%\" height=\"550\" allowfullscreen=\"allowfullscreen\"><\/iframe>[\/vc_column_text][\/vc_column][\/vc_row]<\/p>\n<\/div>","protected":false},"excerpt":{"rendered":"<p>[vc_row][vc_column][vc_empty_space height=&#8221;50px&#8221;][\/vc_column][\/vc_row][vc_row][vc_column][vc_text_separator title=&#8221;This website was updated on October 28, 2025.&#8221; border_width=&#8221;4&#8243;][\/vc_column][\/vc_row][vc_row][vc_column][vc_empty_space height=&#8221;10px&#8221;][\/vc_column][\/vc_row][vc_row][vc_column][vc_text_separator title=&#8221;Contact Us&#8221; border_width=&#8221;4&#8243;][\/vc_column][\/vc_row][vc_row gap=&#8221;35&#8243;][vc_column width=&#8221;1\/3&#8243;][vc_message] LEGAL WARNING [\/vc_message][vc_column_text] All articles and images on this website are for informational [&hellip;]<\/p>\n","protected":false},"author":1,"featured_media":0,"parent":0,"menu_order":0,"comment_status":"closed","ping_status":"closed","template":"","meta":{"footnotes":""},"_links":{"self":[{"href":"https:\/\/www.drhakanerbilpoliklinigi.com\/en\/wp-json\/wp\/v2\/pages\/4"}],"collection":[{"href":"https:\/\/www.drhakanerbilpoliklinigi.com\/en\/wp-json\/wp\/v2\/pages"}],"about":[{"href":"https:\/\/www.drhakanerbilpoliklinigi.com\/en\/wp-json\/wp\/v2\/types\/page"}],"author":[{"embeddable":true,"href":"https:\/\/www.drhakanerbilpoliklinigi.com\/en\/wp-json\/wp\/v2\/users\/1"}],"replies":[{"embeddable":true,"href":"https:\/\/www.drhakanerbilpoliklinigi.com\/en\/wp-json\/wp\/v2\/comments?post=4"}],"version-history":[{"count":184,"href":"https:\/\/www.drhakanerbilpoliklinigi.com\/en\/wp-json\/wp\/v2\/pages\/4\/revisions"}],"predecessor-version":[{"id":12585,"href":"https:\/\/www.drhakanerbilpoliklinigi.com\/en\/wp-json\/wp\/v2\/pages\/4\/revisions\/12585"}],"wp:attachment":[{"href":"https:\/\/www.drhakanerbilpoliklinigi.com\/en\/wp-json\/wp\/v2\/media?parent=4"}],"curies":[{"name":"wp","href":"https:\/\/api.w.org\/{rel}","templated":true}]}}