{"id":11579,"date":"2023-02-07T17:20:38","date_gmt":"2023-02-07T14:20:38","guid":{"rendered":"https:\/\/www.drhakanerbilpoliklinigi.com\/?page_id=11579"},"modified":"2024-02-21T17:21:30","modified_gmt":"2024-02-21T14:21:30","slug":"poliklinik-kurumumuz","status":"publish","type":"page","link":"https:\/\/www.drhakanerbilpoliklinigi.com\/en\/poliklinik-kurumumuz\/","title":{"rendered":"Clinic \/ Our Institution"},"content":{"rendered":"<p><img loading=\"lazy\" decoding=\"async\" class=\" wp-image-11602 aligncenter\" src=\"https:\/\/www.drhakanerbilpoliklinigi.com\/wp-content\/uploads\/2023\/02\/klinik-300x134.jpg\" alt=\"\" width=\"627\" height=\"280\" srcset=\"https:\/\/www.drhakanerbilpoliklinigi.com\/wp-content\/uploads\/2023\/02\/klinik-300x134.jpg 300w, https:\/\/www.drhakanerbilpoliklinigi.com\/wp-content\/uploads\/2023\/02\/klinik-1024x457.jpg 1024w, https:\/\/www.drhakanerbilpoliklinigi.com\/wp-content\/uploads\/2023\/02\/klinik-768x343.jpg 768w, https:\/\/www.drhakanerbilpoliklinigi.com\/wp-content\/uploads\/2023\/02\/klinik.jpg 1435w\" sizes=\"(max-width: 627px) 100vw, 627px\" \/><\/p>\n<p>&nbsp;<\/p>\n<p>Dr. Hakan Erbil Clinic started its career as A. Hakan Erbil Clinic on Tunal\u0131 Hilmi Street in Ankara, Turkey in 2011. In order to grow and meet the increasing patient demand in 2018, our institution moved to the \u00dcmitk\u00f6y Clinic, which has more rooms, the building we are currently serving in. Our institution gained the name Hakan Erbil \u00dcmitk\u00f6y Clinic here.<\/p>","protected":false},"excerpt":{"rendered":"<p>&nbsp; Dr. Hakan Erbil Clinic started its career as A. Hakan Erbil Clinic on Tunal\u0131 Hilmi Street in Ankara, Turkey in 2011. In order to grow and meet the increasing [&hellip;]<\/p>\n","protected":false},"author":2,"featured_media":0,"parent":0,"menu_order":0,"comment_status":"closed","ping_status":"closed","template":"","meta":{"footnotes":""},"_links":{"self":[{"href":"https:\/\/www.drhakanerbilpoliklinigi.com\/en\/wp-json\/wp\/v2\/pages\/11579"}],"collection":[{"href":"https:\/\/www.drhakanerbilpoliklinigi.com\/en\/wp-json\/wp\/v2\/pages"}],"about":[{"href":"https:\/\/www.drhakanerbilpoliklinigi.com\/en\/wp-json\/wp\/v2\/types\/page"}],"author":[{"embeddable":true,"href":"https:\/\/www.drhakanerbilpoliklinigi.com\/en\/wp-json\/wp\/v2\/users\/2"}],"replies":[{"embeddable":true,"href":"https:\/\/www.drhakanerbilpoliklinigi.com\/en\/wp-json\/wp\/v2\/comments?post=11579"}],"version-history":[{"count":8,"href":"https:\/\/www.drhakanerbilpoliklinigi.com\/en\/wp-json\/wp\/v2\/pages\/11579\/revisions"}],"predecessor-version":[{"id":12193,"href":"https:\/\/www.drhakanerbilpoliklinigi.com\/en\/wp-json\/wp\/v2\/pages\/11579\/revisions\/12193"}],"wp:attachment":[{"href":"https:\/\/www.drhakanerbilpoliklinigi.com\/en\/wp-json\/wp\/v2\/media?parent=11579"}],"curies":[{"name":"wp","href":"https:\/\/api.w.org\/{rel}","templated":true}]}}