{"id":11219,"date":"2021-11-22T16:56:31","date_gmt":"2021-11-22T13:56:31","guid":{"rendered":"https:\/\/www.drhakanerbilpoliklinigi.com\/?page_id=11219"},"modified":"2023-04-25T00:03:03","modified_gmt":"2023-04-24T21:03:03","slug":"hasta-aydinlatma-metni","status":"publish","type":"page","link":"https:\/\/www.drhakanerbilpoliklinigi.com\/en\/kisisel-verilerin-korunmasi-kanunu-kvkk\/hasta-aydinlatma-metni\/","title":{"rendered":"Patient Clarification Document"},"content":{"rendered":"<p><strong>***You can provide your statement that you are informed about PDPL articles by copying the document below, filling in the last part and sending it to us.<\/strong><\/p>\n<p>&nbsp;<\/p>\n<h3><strong>PatIent ClarIfIcatIon Document<\/strong><\/h3>\n<p><strong>A. DATA RESPONSIBLE:<\/strong><\/p>\n<p><strong>\u00a0<\/strong><\/p>\n<p>This clarification document, within the scope of Article 10 of the Law on the Protection of Personal Data No. 6698 and the &#8220;Communication on the Procedures and Principles to be Complied with in Fulfilling the Clarification Obligation&#8221; is prepared by DR. HAKAN ERB\u0130L \u00dcM\u0130TK\u00d6Y CLINIC (hereinafter referred to as &#8220;clinic&#8221;) as the data responsible.<\/p>\n<p>&nbsp;<\/p>\n<p><strong>B. PURPOSE OF PROCESSING PERSONAL DATA, CATEGORIES OF PERSONAL DATA TO BE PROCESSED AND LEGAL PROCESSING REASONS AND COLLECTION METHOD OF PERSONAL DATA:<\/strong><\/p>\n<p><strong>\u00a0<\/strong><\/p>\n<p>The purposes, categories and legal processing reasons of your personal data by the clinic are presented below in a comparative manner.<\/p>\n<p>&nbsp;<\/p>\n<table>\n<tbody>\n<tr>\n<td width=\"260\"><strong>PURPOSE OF PROCESSING PERSONAL DATA<\/strong><\/td>\n<td width=\"248\"><strong>PERSONAL DATA CATEGORY<\/strong><\/td>\n<td width=\"224\"><strong>LEGAL REASON FOR PERSONAL DATA PROCESSING<\/strong><\/td>\n<\/tr>\n<tr>\n<td width=\"260\">&nbsp;<\/p>\n<p>Execution of the Patient&#8217;s Medical Diagnosis and Treatment Processes<\/td>\n<td width=\"248\">&nbsp;<\/p>\n<p>Identity, Communication, Professional Experience, Health Information, Other (Patient Information)<\/td>\n<td width=\"224\">&nbsp;<\/p>\n<p>Clearly Forecasting in Laws (Art. 6\/3 pursuant to Law No. 6698)<\/td>\n<\/tr>\n<tr>\n<td rowspan=\"2\" width=\"260\">&nbsp;<\/p>\n<p>&nbsp;<\/p>\n<p>&nbsp;<\/p>\n<p>&nbsp;<\/p>\n<p>Execution and Continuity of Treatment Process Activities<\/td>\n<td width=\"248\">&nbsp;<\/p>\n<p>Identity, Health Information, Communication, Other (Patient Information)<\/td>\n<td width=\"224\">&nbsp;<\/p>\n<p>Clearly Forecasting in Laws (Art. 6\/3 pursuant to Law No. 6698)<\/td>\n<\/tr>\n<tr>\n<td width=\"248\">&nbsp;<\/p>\n<p>&nbsp;<\/p>\n<p>Identity, Communication, Other (Patient Information)<\/p>\n<p>&nbsp;<\/td>\n<td width=\"224\">&nbsp;<\/p>\n<p>Requirement of Data Processing for the Establishment, Use or Protection of a Right<\/p>\n<p>&nbsp;<\/td>\n<\/tr>\n<tr>\n<td width=\"260\">&nbsp;<\/p>\n<p>&nbsp;<\/p>\n<p>Execution of Finance and Accounting Transactions<\/td>\n<td width=\"248\">&nbsp;<\/p>\n<p>&nbsp;<\/p>\n<p>Identity, Other (Patient Information), Customer (Patient) Transaction<\/td>\n<td width=\"224\">&nbsp;<\/p>\n<p>Directly Related to the Establishment or Performance of a Contract<\/p>\n<p>&nbsp;<\/td>\n<\/tr>\n<tr>\n<td width=\"260\">&nbsp;<\/p>\n<p>Providing Information to Authorized Persons, Institutions and Organizations,<\/p>\n<p>Execution of Activities in Compliance with the Legislation<\/td>\n<td width=\"248\">&nbsp;<\/p>\n<p>Identity, Communication, Health Information, Other (Patient Information), Customer Transaction<\/p>\n<p>&nbsp;<\/td>\n<td width=\"224\">&nbsp;<\/p>\n<p>Clearly Forecasting in Laws (Art. 6\/3 pursuant to Law No. 6698)<\/td>\n<\/tr>\n<tr>\n<td width=\"260\">&nbsp;<\/p>\n<p>&nbsp;<\/p>\n<p>Execution of Scientific Study Processes<\/p>\n<p>&nbsp;<\/td>\n<td width=\"248\">&nbsp;<\/p>\n<p>&nbsp;<\/p>\n<p>Identity, Health Information, Other (Patient Information), Audio and Visual Recordings<\/p>\n<p>&nbsp;<\/td>\n<td width=\"224\">&nbsp;<\/p>\n<p>Clearly Forecasting in Laws (According to Law No. 6698, art. 28\/1\/(b))<\/p>\n<p>&nbsp;<\/td>\n<\/tr>\n<tr>\n<td width=\"260\">&nbsp;<\/p>\n<p>Execution of Advertising \/ Promotion Processes<\/td>\n<td width=\"248\">&nbsp;<\/p>\n<p>Identity, Health Information, Audio and Visual Recordings<\/td>\n<td width=\"224\">&nbsp;<\/p>\n<p>Obtaining Explicit Consent<\/td>\n<\/tr>\n<\/tbody>\n<\/table>\n<p>&nbsp;<\/p>\n<p>Your personal data, based on the above-mentioned legal reasons, by hand delivery and filling out the relevant form processed by non-automatic means.<\/p>\n<p>&nbsp;<\/p>\n<p><strong>C. TO WHOM AND FOR WHAT PURPOSES THE PROCESSED PERSONAL DATA MAY BE TRANSFERRED:<\/strong><\/p>\n<p>Your personal data by the clinic;<\/p>\n<p>&nbsp;<\/p>\n<ul>\n<li>Providing Information to Authorized Persons, Institutions and Organizations,<\/li>\n<li>Execution of Advertising \/ Promotion Processes,<\/li>\n<li>Execution of Finance and Accounting Transactions<\/li>\n<li>Execution of the Medical Diagnosis and Treatment Processes of the Patient,<\/li>\n<li>Execution of Scientific Study Processes<\/li>\n<\/ul>\n<p>&nbsp;<\/p>\n<p>may be transferred to authorized public institutions and organizations for their purposes, to real persons with whom we have contractual relations, or to private law legal entities; In case of express consent, it can be shared publicly on the website \/ social media and scientific activities.<\/p>\n<p><strong>\u00a0<\/strong><\/p>\n<p><strong>D. RIGHTS OF THE RELATED PERSON:<\/strong><\/p>\n<p>Your requests within the scope of Article 11 of the Law &#8220;regulating the rights of the person concerned&#8221; shall be delivered to DR. HAKAN ERB\u0130L \u00dcM\u0130TK\u00d6Y CLINIC\u00a0 in accordance with the &#8220;Communication on the Procedures and Principles of Application to the Data Responsible&#8221;, as in writing to the physical address: &#8220;<strong>\u00dcmit Mahallesi. 2494\/1. Sokak. No: 6, 06810 \u00c7ankaya\/Ankara<\/strong>&#8221; or to the address \u201c <strong><em>info@drhakanerbil.com<\/em><\/strong> \u201d via e-mail.<\/p>\n<p>&nbsp;<\/p>\n<p>&nbsp;<\/p>\n<p>I have learned about the processing of my personal data in accordance with the Law No. 6698 on the Protection of Personal Data.<\/p>\n<p>&nbsp;<\/p>\n<p>I accept, declare and undertake that the Reference Person whose data is processed has been informed by me.<\/p>\n<p>&nbsp;<\/p>\n<p>Name &amp; Surname:<\/p>\n<p>&nbsp;<\/p>\n<p>Signature:<\/p>\n<p>&nbsp;<\/p>\n<p>Date:<\/p>\n<p>&nbsp;<\/p>\n<p>&nbsp;<\/p>","protected":false},"excerpt":{"rendered":"<p>***You can provide your statement that you are informed about PDPL articles by copying the document below, filling in the last part and sending it to us. &nbsp; PatIent ClarIfIcatIon [&hellip;]<\/p>\n","protected":false},"author":2,"featured_media":0,"parent":11204,"menu_order":0,"comment_status":"closed","ping_status":"closed","template":"","meta":{"footnotes":""},"_links":{"self":[{"href":"https:\/\/www.drhakanerbilpoliklinigi.com\/en\/wp-json\/wp\/v2\/pages\/11219"}],"collection":[{"href":"https:\/\/www.drhakanerbilpoliklinigi.com\/en\/wp-json\/wp\/v2\/pages"}],"about":[{"href":"https:\/\/www.drhakanerbilpoliklinigi.com\/en\/wp-json\/wp\/v2\/types\/page"}],"author":[{"embeddable":true,"href":"https:\/\/www.drhakanerbilpoliklinigi.com\/en\/wp-json\/wp\/v2\/users\/2"}],"replies":[{"embeddable":true,"href":"https:\/\/www.drhakanerbilpoliklinigi.com\/en\/wp-json\/wp\/v2\/comments?post=11219"}],"version-history":[{"count":13,"href":"https:\/\/www.drhakanerbilpoliklinigi.com\/en\/wp-json\/wp\/v2\/pages\/11219\/revisions"}],"predecessor-version":[{"id":11676,"href":"https:\/\/www.drhakanerbilpoliklinigi.com\/en\/wp-json\/wp\/v2\/pages\/11219\/revisions\/11676"}],"up":[{"embeddable":true,"href":"https:\/\/www.drhakanerbilpoliklinigi.com\/en\/wp-json\/wp\/v2\/pages\/11204"}],"wp:attachment":[{"href":"https:\/\/www.drhakanerbilpoliklinigi.com\/en\/wp-json\/wp\/v2\/media?parent=11219"}],"curies":[{"name":"wp","href":"https:\/\/api.w.org\/{rel}","templated":true}]}}