{"id":4,"date":"2016-03-16T09:59:18","date_gmt":"2016-03-16T06:59:18","guid":{"rendered":"http:\/\/www.drhakanerbilpoliklinigi.com\/?page_id=4"},"modified":"2025-10-28T14:42:33","modified_gmt":"2025-10-28T11:42:33","slug":"anasayfa","status":"publish","type":"page","link":"https:\/\/www.drhakanerbilpoliklinigi.com\/de\/","title":{"rendered":"Startseite"},"content":{"rendered":"<div class=\"wpb-content-wrapper\"><p>[vc_row][vc_column][vc_empty_space height=&#8220;50px&#8220;][\/vc_column][\/vc_row][vc_row][vc_column][vc_text_separator title=&#8220;Diese Website wurde am 28. Oktober 2025 aktualisiert.&#8220; border_width=&#8220;4&#8243;][\/vc_column][\/vc_row][vc_row][vc_column][vc_empty_space height=&#8220;10px&#8220;][\/vc_column][\/vc_row][vc_row][vc_column][vc_text_separator title=&#8220;Kontaktiere Uns&#8220; border_width=&#8220;4&#8243;][\/vc_column][\/vc_row][vc_row gap=&#8220;35&#8243;][vc_column width=&#8220;1\/3&#8243;][vc_message]<\/p>\n<h3 style=\"text-align: center;\"><span style=\"color: #808080;\"><strong>RECHTLICHER HINWEIS<\/strong><\/span><\/h3>\n<p>[\/vc_message][vc_column_text]<\/p>\n<p id=\"artikel\" style=\"text-align: justify;\">Alle Artikel und Bilder auf dieser Website dienen ausschlie\u00dflich Informationszwecken. Prof. Ahmet Hakan Erbil, Auss Prof. Pelin E\u015fme and Arztin Zuhal G\u00fcndo\u011fdu sind nicht verantwortlich f\u00fcr Sch\u00e4den, die aus einer unbewussten Praxis ohne R\u00fccksprache mit einem Arzt entstehen k\u00f6nnen. Es wird davon ausgegangen, dass Personen, die diese Webseite besuchen, diese Regeln akzeptiert haben. Unsere Seite dient ausschlie\u00dflich Informationszwecken und \u00fcbernimmt hierf\u00fcr keine Haftung. Da die Informationen auf der Website nicht t\u00e4glich aktualisiert werden k\u00f6nnen, muss jede Information vom Besucher in Absprache mit dem Arzt \u00fcberpr\u00fcft werden. Unsere Website verfolgt keinerlei kommerzielle Interessen. Es ist nicht f\u00fcr Diagnose- oder Behandlungszwecke bestimmt. Es enth\u00e4lt keine Werbung oder Sponsoring.<\/p>\n<p>[\/vc_column_text][\/vc_column][vc_column width=&#8220;1\/3&#8243;][vc_text_separator title=&#8220;KONTAKT FORMULAR&#8220; style=&#8220;shadow&#8220; border_width=&#8220;4&#8243; css_animation=&#8220;none&#8220;]\n<div class=\"wpcf7 no-js\" id=\"wpcf7-f11737-o3\" lang=\"en-US\" dir=\"ltr\">\n<div class=\"screen-reader-response\"><p role=\"status\" aria-live=\"polite\" aria-atomic=\"true\"><\/p> <ul><\/ul><\/div>\n<form action=\"\/de\/wp-json\/wp\/v2\/pages\/4#wpcf7-f11737-o3\" method=\"post\" class=\"wpcf7-form init\" aria-label=\"Contact form\" novalidate=\"novalidate\" data-status=\"init\">\n<div style=\"display: none;\">\n<input type=\"hidden\" name=\"_wpcf7\" value=\"11737\" \/>\n<input type=\"hidden\" name=\"_wpcf7_version\" value=\"5.9.8\" \/>\n<input type=\"hidden\" name=\"_wpcf7_locale\" value=\"en_US\" \/>\n<input type=\"hidden\" name=\"_wpcf7_unit_tag\" value=\"wpcf7-f11737-o3\" \/>\n<input type=\"hidden\" name=\"_wpcf7_container_post\" value=\"0\" \/>\n<input type=\"hidden\" name=\"_wpcf7_posted_data_hash\" value=\"\" \/>\n<\/div>\n<p>[vc_row]<br \/>\n[vc_column]<span class=\"wpcf7-form-control-wrap\" data-name=\"firstname\"><input size=\"40\" maxlength=\"400\" class=\"wpcf7-form-control wpcf7-text wpcf7-validates-as-required\" aria-required=\"true\" aria-invalid=\"false\" placeholder=\"Name &amp; Nachname\" value=\"\" type=\"text\" name=\"firstname\" \/><\/span>[\/vc_column]<br \/>\n[vc_empty_space height=\"2px\"]<br \/>\n[vc_column]<span class=\"wpcf7-form-control-wrap\" data-name=\"phonumber\"><input size=\"40\" maxlength=\"400\" class=\"wpcf7-form-control wpcf7-tel wpcf7-text wpcf7-validates-as-tel\" aria-invalid=\"false\" placeholder=\"Telefon Nummer\" value=\"\" type=\"tel\" name=\"phonumber\" \/><\/span>[\/vc_column]<br \/>\n[vc_empty_space height=\"2px\"]<br \/>\n[vc_column]<span class=\"wpcf7-form-control-wrap\" data-name=\"email-573\"><input size=\"40\" maxlength=\"400\" class=\"wpcf7-form-control wpcf7-email wpcf7-validates-as-required wpcf7-text wpcf7-validates-as-email\" aria-required=\"true\" aria-invalid=\"false\" placeholder=\"EMail Adresse\" value=\"\" type=\"email\" name=\"email-573\" \/><\/span>[\/vc_column]<br \/>\n[vc_empty_space height=\"2px\"]<br \/>\n[vc_column]<span class=\"wpcf7-form-control-wrap\" data-name=\"textarea-98\"><textarea cols=\"40\" rows=\"10\" maxlength=\"2000\" class=\"wpcf7-form-control wpcf7-textarea\" aria-invalid=\"false\" placeholder=\"Thema\" name=\"textarea-98\"><\/textarea><\/span>[\/vc_column]<br \/>\n[vc_empty_space height=\"2px\"]<br \/>\n[vc_column]<input class=\"wpcf7-form-control wpcf7-submit has-spinner\" type=\"submit\" value=\"Senden\" \/>[\/vc_column]<br \/>\n[\/vc_row]\n<\/p><div class=\"wpcf7-response-output\" aria-hidden=\"true\"><\/div>\n<\/form>\n<\/div>\n[\/vc_column][vc_column width=&#8220;1\/3&#8243;][vc_column_text]<iframe loading=\"lazy\" style=\"border: 0;\" src=\"https:\/\/www.google.com\/maps\/embed?pb=!1m18!1m12!1m3!1d3061.1046731189917!2d32.69959797640794!3d39.89428868727066!2m3!1f0!2f0!3f0!3m2!1i1024!2i768!4f13.1!3m3!1m2!1s0x14d3392867ac7e1d%3A0x3a88587e37f6c630!2zw5Z6ZWwgRHIgSGFrYW4gRXJiaWwgw5xtaXRrw7Z5IFBvbGlrbGluacSfaQ!5e0!3m2!1str!2str!4v1709178088482!5m2!1str!2str\" width=\"100%\" height=\"550\" allowfullscreen=\"allowfullscreen\"><\/iframe>[\/vc_column_text][\/vc_column][\/vc_row]<\/p>\n<\/div>","protected":false},"excerpt":{"rendered":"<p>[vc_row][vc_column][vc_empty_space height=&#8220;50px&#8220;][\/vc_column][\/vc_row][vc_row][vc_column][vc_text_separator title=&#8220;Diese Website wurde am 28. Oktober 2025 aktualisiert.&#8220; border_width=&#8220;4&#8243;][\/vc_column][\/vc_row][vc_row][vc_column][vc_empty_space height=&#8220;10px&#8220;][\/vc_column][\/vc_row][vc_row][vc_column][vc_text_separator title=&#8220;Kontaktiere Uns&#8220; border_width=&#8220;4&#8243;][\/vc_column][\/vc_row][vc_row gap=&#8220;35&#8243;][vc_column width=&#8220;1\/3&#8243;][vc_message] RECHTLICHER HINWEIS [\/vc_message][vc_column_text] Alle Artikel und Bilder auf dieser Website dienen ausschlie\u00dflich Informationszwecken. [&hellip;]<\/p>\n","protected":false},"author":1,"featured_media":0,"parent":0,"menu_order":0,"comment_status":"closed","ping_status":"closed","template":"","meta":{"footnotes":""},"_links":{"self":[{"href":"https:\/\/www.drhakanerbilpoliklinigi.com\/de\/wp-json\/wp\/v2\/pages\/4"}],"collection":[{"href":"https:\/\/www.drhakanerbilpoliklinigi.com\/de\/wp-json\/wp\/v2\/pages"}],"about":[{"href":"https:\/\/www.drhakanerbilpoliklinigi.com\/de\/wp-json\/wp\/v2\/types\/page"}],"author":[{"embeddable":true,"href":"https:\/\/www.drhakanerbilpoliklinigi.com\/de\/wp-json\/wp\/v2\/users\/1"}],"replies":[{"embeddable":true,"href":"https:\/\/www.drhakanerbilpoliklinigi.com\/de\/wp-json\/wp\/v2\/comments?post=4"}],"version-history":[{"count":184,"href":"https:\/\/www.drhakanerbilpoliklinigi.com\/de\/wp-json\/wp\/v2\/pages\/4\/revisions"}],"predecessor-version":[{"id":12585,"href":"https:\/\/www.drhakanerbilpoliklinigi.com\/de\/wp-json\/wp\/v2\/pages\/4\/revisions\/12585"}],"wp:attachment":[{"href":"https:\/\/www.drhakanerbilpoliklinigi.com\/de\/wp-json\/wp\/v2\/media?parent=4"}],"curies":[{"name":"wp","href":"https:\/\/api.w.org\/{rel}","templated":true}]}}