{"id":12080,"date":"2024-02-19T22:14:45","date_gmt":"2024-02-19T19:14:45","guid":{"rendered":"https:\/\/www.drhakanerbilpoliklinigi.com\/?page_id=12080"},"modified":"2024-02-21T18:02:14","modified_gmt":"2024-02-21T15:02:14","slug":"altin-igne-radyo-frekans-irf","status":"publish","type":"page","link":"https:\/\/www.drhakanerbilpoliklinigi.com\/de\/altin-igne-radyo-frekans-irf\/","title":{"rendered":"GOLDENE NADEL-RADIOFREQUENZ LASER (IRF)"},"content":{"rendered":"<div class=\"wpb-content-wrapper\"><p>[vc_row][vc_column width=&#8220;1\/2&#8243;][vc_single_image image=&#8220;10753&#8243; img_size=&#8220;medium&#8220; alignment=&#8220;center&#8220;][\/vc_column][vc_column width=&#8220;1\/2&#8243;][vc_column_text]Goldene Nadel ist eine Anwendung zur Hautverj\u00fcngung.<br \/>\nEs wird verwendet, um das Auftreten von Hautverformungen zu reduzieren, die durch Alterung und Umwelteinfl\u00fcsse, Verbrennungen, Akne und andere Narben sowie Risse und feine Falten verursacht werden, die durch Gewichtszunahme und\/oder Schwangerschaft verursacht werden.<br \/>\nEs tr\u00e4gt dazu bei, dass die Haut lebendiger, strahlender und j\u00fcnger aussieht. Die nat\u00fcrliche Kollagenproduktion wird angeregt. Die Anzahl der Sitzungen wird vom behandelnden Arzt unter Ber\u00fccksichtigung des Zustands der Haut und des zu behandelnden Bereichs festgelegt.[\/vc_column_text][\/vc_column][\/vc_row]<\/p>\n<\/div>","protected":false},"excerpt":{"rendered":"<p>[vc_row][vc_column width=&#8220;1\/2&#8243;][vc_single_image image=&#8220;10753&#8243; img_size=&#8220;medium&#8220; alignment=&#8220;center&#8220;][\/vc_column][vc_column width=&#8220;1\/2&#8243;][vc_column_text]Goldene Nadel ist eine Anwendung zur Hautverj\u00fcngung. Es wird verwendet, um das Auftreten von Hautverformungen zu reduzieren, die durch Alterung und Umwelteinfl\u00fcsse, Verbrennungen, Akne und [&hellip;]<\/p>\n","protected":false},"author":2,"featured_media":0,"parent":0,"menu_order":0,"comment_status":"closed","ping_status":"closed","template":"","meta":{"footnotes":""},"_links":{"self":[{"href":"https:\/\/www.drhakanerbilpoliklinigi.com\/de\/wp-json\/wp\/v2\/pages\/12080"}],"collection":[{"href":"https:\/\/www.drhakanerbilpoliklinigi.com\/de\/wp-json\/wp\/v2\/pages"}],"about":[{"href":"https:\/\/www.drhakanerbilpoliklinigi.com\/de\/wp-json\/wp\/v2\/types\/page"}],"author":[{"embeddable":true,"href":"https:\/\/www.drhakanerbilpoliklinigi.com\/de\/wp-json\/wp\/v2\/users\/2"}],"replies":[{"embeddable":true,"href":"https:\/\/www.drhakanerbilpoliklinigi.com\/de\/wp-json\/wp\/v2\/comments?post=12080"}],"version-history":[{"count":2,"href":"https:\/\/www.drhakanerbilpoliklinigi.com\/de\/wp-json\/wp\/v2\/pages\/12080\/revisions"}],"predecessor-version":[{"id":12213,"href":"https:\/\/www.drhakanerbilpoliklinigi.com\/de\/wp-json\/wp\/v2\/pages\/12080\/revisions\/12213"}],"wp:attachment":[{"href":"https:\/\/www.drhakanerbilpoliklinigi.com\/de\/wp-json\/wp\/v2\/media?parent=12080"}],"curies":[{"name":"wp","href":"https:\/\/api.w.org\/{rel}","templated":true}]}}