{"id":11889,"date":"2023-07-09T15:58:40","date_gmt":"2023-07-09T12:58:40","guid":{"rendered":"https:\/\/www.drhakanerbilpoliklinigi.com\/?page_id=11889"},"modified":"2024-08-19T12:16:51","modified_gmt":"2024-08-19T09:16:51","slug":"fibroblast-kok-hucresi-sac-tedavisi","status":"publish","type":"page","link":"https:\/\/www.drhakanerbilpoliklinigi.com\/de\/dermoestetik\/fibroblast-kok-hucresi-sac-tedavisi\/","title":{"rendered":"Fibroblast-Stammzellenhaar Behandlung"},"content":{"rendered":"<div class=\"wpb-content-wrapper\"><p>[vc_row][vc_column width=&#8220;1\/2&#8243;][vc_single_image image=&#8220;12476&#8243; img_size=&#8220;medium&#8220; alignment=&#8220;center&#8220;][vc_empty_space height=&#8220;15px&#8220;][vc_single_image image=&#8220;11891&#8243; img_size=&#8220;medium&#8220; alignment=&#8220;center&#8220;][\/vc_column][vc_column width=&#8220;1\/2&#8243;][vc_empty_space height=&#8220;60px&#8220;][vc_column_text]<\/p>\n<p>&nbsp;<\/p>\n<p>&nbsp;<\/p>\n<p>Es wird h\u00e4ufig zur Behandlung von hormonell bedingtem Haarausfall und zur Steigerung der Wirksamkeit nach einer Haartransplantation eingesetzt. Die unter \u00f6rtlicher Bet\u00e4ubung entnommene Hautbiopsie von der R\u00fcckseite des Ohrs des Patienten wird nach einem speziellen Verfahren mit PRP (pl\u00e4ttchenreiches Plasma) kombiniert und die gewonnenen Millionen lebender Stammzellen auf die Kopfhaut aufgetragen. Die durchschnittliche Reaktionszeit dieses einmal im Jahr angewendeten Verfahrens betr\u00e4gt 3-6 Monate. F\u00fcr effektivere Ergebnisse sollte es mit PRP und Haarmesotherapie unterst\u00fctzt werden.[\/vc_column_text][\/vc_column][\/vc_row]<\/p>\n<\/div>","protected":false},"excerpt":{"rendered":"<p>[vc_row][vc_column width=&#8220;1\/2&#8243;][vc_single_image image=&#8220;12476&#8243; img_size=&#8220;medium&#8220; alignment=&#8220;center&#8220;][vc_empty_space height=&#8220;15px&#8220;][vc_single_image image=&#8220;11891&#8243; img_size=&#8220;medium&#8220; alignment=&#8220;center&#8220;][\/vc_column][vc_column width=&#8220;1\/2&#8243;][vc_empty_space height=&#8220;60px&#8220;][vc_column_text] &nbsp; &nbsp; Es wird h\u00e4ufig zur Behandlung von hormonell bedingtem Haarausfall und zur Steigerung der Wirksamkeit nach einer Haartransplantation [&hellip;]<\/p>\n","protected":false},"author":2,"featured_media":0,"parent":10130,"menu_order":0,"comment_status":"closed","ping_status":"closed","template":"","meta":{"footnotes":""},"_links":{"self":[{"href":"https:\/\/www.drhakanerbilpoliklinigi.com\/de\/wp-json\/wp\/v2\/pages\/11889"}],"collection":[{"href":"https:\/\/www.drhakanerbilpoliklinigi.com\/de\/wp-json\/wp\/v2\/pages"}],"about":[{"href":"https:\/\/www.drhakanerbilpoliklinigi.com\/de\/wp-json\/wp\/v2\/types\/page"}],"author":[{"embeddable":true,"href":"https:\/\/www.drhakanerbilpoliklinigi.com\/de\/wp-json\/wp\/v2\/users\/2"}],"replies":[{"embeddable":true,"href":"https:\/\/www.drhakanerbilpoliklinigi.com\/de\/wp-json\/wp\/v2\/comments?post=11889"}],"version-history":[{"count":11,"href":"https:\/\/www.drhakanerbilpoliklinigi.com\/de\/wp-json\/wp\/v2\/pages\/11889\/revisions"}],"predecessor-version":[{"id":12483,"href":"https:\/\/www.drhakanerbilpoliklinigi.com\/de\/wp-json\/wp\/v2\/pages\/11889\/revisions\/12483"}],"up":[{"embeddable":true,"href":"https:\/\/www.drhakanerbilpoliklinigi.com\/de\/wp-json\/wp\/v2\/pages\/10130"}],"wp:attachment":[{"href":"https:\/\/www.drhakanerbilpoliklinigi.com\/de\/wp-json\/wp\/v2\/media?parent=11889"}],"curies":[{"name":"wp","href":"https:\/\/api.w.org\/{rel}","templated":true}]}}