{"id":11865,"date":"2023-06-06T19:40:29","date_gmt":"2023-06-06T16:40:29","guid":{"rendered":"https:\/\/www.drhakanerbilpoliklinigi.com\/?page_id=11865"},"modified":"2024-02-19T21:06:47","modified_gmt":"2024-02-19T18:06:47","slug":"stromal-vaskuler-fraksiyon","status":"publish","type":"page","link":"https:\/\/www.drhakanerbilpoliklinigi.com\/de\/dermoestetik\/stromal-vaskuler-fraksiyon\/","title":{"rendered":"Stromale Gef\u00e4\u00dffraktion (SGF)"},"content":{"rendered":"<p><img loading=\"lazy\" decoding=\"async\" class=\"wp-image-11866 alignleft\" src=\"https:\/\/www.drhakanerbilpoliklinigi.com\/wp-content\/uploads\/2023\/06\/SVF-300x178.jpg\" alt=\"\" width=\"362\" height=\"215\" srcset=\"https:\/\/www.drhakanerbilpoliklinigi.com\/wp-content\/uploads\/2023\/06\/SVF-300x178.jpg 300w, https:\/\/www.drhakanerbilpoliklinigi.com\/wp-content\/uploads\/2023\/06\/SVF-1024x606.jpg 1024w, https:\/\/www.drhakanerbilpoliklinigi.com\/wp-content\/uploads\/2023\/06\/SVF-768x455.jpg 768w, https:\/\/www.drhakanerbilpoliklinigi.com\/wp-content\/uploads\/2023\/06\/SVF.jpg 1106w\" sizes=\"(max-width: 362px) 100vw, 362px\" \/><\/p>\n<p>&nbsp;<\/p>\n<p>Die stromale Gef\u00e4\u00dffraktion enth\u00e4lt Stammzellen, die bei geeigneten Patienten aus dem Bauchfettgewebe gewonnen werden. SVF-Material, das unter \u00f6rtlicher Bet\u00e4ubung aus Fettgewebe gewonnene Stammzellen enth\u00e4lt, wird erfolgreich zur Hautverj\u00fcngung im Gesicht, am Hals und an den H\u00e4nden sowie bei der Behandlung von Haarkrankheiten, insbesondere hormonellem Haarausfall, eingesetzt.<\/p>","protected":false},"excerpt":{"rendered":"<p>&nbsp; Die stromale Gef\u00e4\u00dffraktion enth\u00e4lt Stammzellen, die bei geeigneten Patienten aus dem Bauchfettgewebe gewonnen werden. SVF-Material, das unter \u00f6rtlicher Bet\u00e4ubung aus Fettgewebe gewonnene Stammzellen enth\u00e4lt, wird erfolgreich zur Hautverj\u00fcngung im [&hellip;]<\/p>\n","protected":false},"author":2,"featured_media":0,"parent":10130,"menu_order":0,"comment_status":"closed","ping_status":"closed","template":"","meta":{"footnotes":""},"_links":{"self":[{"href":"https:\/\/www.drhakanerbilpoliklinigi.com\/de\/wp-json\/wp\/v2\/pages\/11865"}],"collection":[{"href":"https:\/\/www.drhakanerbilpoliklinigi.com\/de\/wp-json\/wp\/v2\/pages"}],"about":[{"href":"https:\/\/www.drhakanerbilpoliklinigi.com\/de\/wp-json\/wp\/v2\/types\/page"}],"author":[{"embeddable":true,"href":"https:\/\/www.drhakanerbilpoliklinigi.com\/de\/wp-json\/wp\/v2\/users\/2"}],"replies":[{"embeddable":true,"href":"https:\/\/www.drhakanerbilpoliklinigi.com\/de\/wp-json\/wp\/v2\/comments?post=11865"}],"version-history":[{"count":2,"href":"https:\/\/www.drhakanerbilpoliklinigi.com\/de\/wp-json\/wp\/v2\/pages\/11865\/revisions"}],"predecessor-version":[{"id":12062,"href":"https:\/\/www.drhakanerbilpoliklinigi.com\/de\/wp-json\/wp\/v2\/pages\/11865\/revisions\/12062"}],"up":[{"embeddable":true,"href":"https:\/\/www.drhakanerbilpoliklinigi.com\/de\/wp-json\/wp\/v2\/pages\/10130"}],"wp:attachment":[{"href":"https:\/\/www.drhakanerbilpoliklinigi.com\/de\/wp-json\/wp\/v2\/media?parent=11865"}],"curies":[{"name":"wp","href":"https:\/\/api.w.org\/{rel}","templated":true}]}}