{"id":11795,"date":"2023-04-27T08:36:55","date_gmt":"2023-04-27T05:36:55","guid":{"rendered":"https:\/\/www.drhakanerbilpoliklinigi.com\/?page_id=11795"},"modified":"2024-08-19T11:58:44","modified_gmt":"2024-08-19T08:58:44","slug":"migren","status":"publish","type":"page","link":"https:\/\/www.drhakanerbilpoliklinigi.com\/de\/dermoestetik\/botulinum-toksin-uygulamasi\/migren\/","title":{"rendered":"Behandlung f\u00fcr Migrane"},"content":{"rendered":"<div class=\"wpb-content-wrapper\"><p>[vc_row][vc_column width=&#8220;1\/2&#8243;][vc_single_image image=&#8220;10532&#8243; img_size=&#8220;medium&#8220;][\/vc_column][vc_column width=&#8220;1\/2&#8243;][vc_column_text]<\/p>\n<p>&nbsp;<\/p>\n<p>&nbsp;<\/p>\n<p>&nbsp;<\/p>\n<p>Migr\u00e4ne ist eine der h\u00e4ufigsten Arten von Kopfschmerzen und eine der Erkrankungen, die das Arbeits- und Sozialleben der Patienten ernsthaft beeintr\u00e4chtigt. Migr\u00e4ne-Botox ist eine der angenehmsten Methoden in der Behandlung von Migr\u00e4ne. Migr\u00e4ne-Botox wird seit langem als wirksame Behandlung zur Vorbeugung von Migr\u00e4neanf\u00e4llen eingesetzt.[\/vc_column_text][\/vc_column][\/vc_row]<\/p>\n<\/div>","protected":false},"excerpt":{"rendered":"<p>[vc_row][vc_column width=&#8220;1\/2&#8243;][vc_single_image image=&#8220;10532&#8243; img_size=&#8220;medium&#8220;][\/vc_column][vc_column width=&#8220;1\/2&#8243;][vc_column_text] &nbsp; &nbsp; &nbsp; Migr\u00e4ne ist eine der h\u00e4ufigsten Arten von Kopfschmerzen und eine der Erkrankungen, die das Arbeits- und Sozialleben der Patienten ernsthaft beeintr\u00e4chtigt. Migr\u00e4ne-Botox [&hellip;]<\/p>\n","protected":false},"author":2,"featured_media":0,"parent":10140,"menu_order":0,"comment_status":"closed","ping_status":"closed","template":"","meta":{"footnotes":""},"_links":{"self":[{"href":"https:\/\/www.drhakanerbilpoliklinigi.com\/de\/wp-json\/wp\/v2\/pages\/11795"}],"collection":[{"href":"https:\/\/www.drhakanerbilpoliklinigi.com\/de\/wp-json\/wp\/v2\/pages"}],"about":[{"href":"https:\/\/www.drhakanerbilpoliklinigi.com\/de\/wp-json\/wp\/v2\/types\/page"}],"author":[{"embeddable":true,"href":"https:\/\/www.drhakanerbilpoliklinigi.com\/de\/wp-json\/wp\/v2\/users\/2"}],"replies":[{"embeddable":true,"href":"https:\/\/www.drhakanerbilpoliklinigi.com\/de\/wp-json\/wp\/v2\/comments?post=11795"}],"version-history":[{"count":10,"href":"https:\/\/www.drhakanerbilpoliklinigi.com\/de\/wp-json\/wp\/v2\/pages\/11795\/revisions"}],"predecessor-version":[{"id":12475,"href":"https:\/\/www.drhakanerbilpoliklinigi.com\/de\/wp-json\/wp\/v2\/pages\/11795\/revisions\/12475"}],"up":[{"embeddable":true,"href":"https:\/\/www.drhakanerbilpoliklinigi.com\/de\/wp-json\/wp\/v2\/pages\/10140"}],"wp:attachment":[{"href":"https:\/\/www.drhakanerbilpoliklinigi.com\/de\/wp-json\/wp\/v2\/media?parent=11795"}],"curies":[{"name":"wp","href":"https:\/\/api.w.org\/{rel}","templated":true}]}}