{"id":11560,"date":"2023-02-02T17:03:35","date_gmt":"2023-02-02T14:03:35","guid":{"rendered":"https:\/\/www.drhakanerbilpoliklinigi.com\/?page_id=11560"},"modified":"2023-04-26T10:24:25","modified_gmt":"2023-04-26T07:24:25","slug":"green-peel","status":"publish","type":"page","link":"https:\/\/www.drhakanerbilpoliklinigi.com\/de\/kozmetoloji\/kimyasal-peeling\/green-peel\/","title":{"rendered":"GREEN PEEL"},"content":{"rendered":"<div class=\"wpb-content-wrapper\"><p>[vc_row][vc_column][vc_column_text]<img loading=\"lazy\" decoding=\"async\" class=\" wp-image-11561 aligncenter\" src=\"https:\/\/www.drhakanerbilpoliklinigi.com\/wp-content\/uploads\/2023\/02\/green-peel-seruvenim-5e4b964d39f67-300x176.jpg\" alt=\"\" width=\"389\" height=\"228\" srcset=\"https:\/\/www.drhakanerbilpoliklinigi.com\/wp-content\/uploads\/2023\/02\/green-peel-seruvenim-5e4b964d39f67-300x176.jpg 300w, https:\/\/www.drhakanerbilpoliklinigi.com\/wp-content\/uploads\/2023\/02\/green-peel-seruvenim-5e4b964d39f67-768x450.jpg 768w, https:\/\/www.drhakanerbilpoliklinigi.com\/wp-content\/uploads\/2023\/02\/green-peel-seruvenim-5e4b964d39f67.jpg 1024w\" sizes=\"(max-width: 389px) 100vw, 389px\" \/><\/p>\n<p>Es ist eine Kr\u00e4utersch\u00e4lmethode, die aus der Kombination von 8 Pflanzen mit sorgf\u00e4ltig ausgew\u00e4hlten essentiellen Enzymen, Vitaminen und Mineralien hergestellt wurde. Einer der gr\u00f6\u00dften Indikatoren daf\u00fcr, dass das Kr\u00e4uterpeeling keine sch\u00e4dlichen Substanzen enth\u00e4lt, ist, dass Experten das Verfahren problemlos mit blo\u00dfen H\u00e4nden durchf\u00fchren k\u00f6nnen. Es wird je nach Hautzustand in unterschiedlichen Mengen aufgetragen. Es ist wirksam bei vielen h\u00e4ufigen Hautproblemen wie Sonnensch\u00e4den, Narbenbildung, Porenproblemen, Pigmentierungsproblemen und feinen Falten. Seine Vorteile k\u00f6nnen wie folgt aufgelistet werden; Es verlangsamt den Alterungsprozess der Haut und wirkt als starke Barriere gegen Elastizit\u00e4tsverlust. Erfrischt die Haut, revitalisiert sie, beschleunigt die Zellerneuerung, beschleunigt die Durchblutung. Die Beschleunigung der Durchblutung erh\u00f6ht die Menge an Sauerstoff, die die Haut erh\u00e4lt. Es bietet die effektive Pflege und Unterst\u00fctzung, die jede Haut braucht, egal ob junge oder alte Haut. Unterst\u00fctzt die Kollagenbildung. Es kann bei Menschen jeden Alters, aller Hauttypen und zu jeder Jahreszeit angewendet werden. Es sorgt f\u00fcr eine gesunde Haut, die frei von Problemen ist.[\/vc_column_text][\/vc_column][\/vc_row]<\/p>\n<\/div>","protected":false},"excerpt":{"rendered":"<p>[vc_row][vc_column][vc_column_text] Es ist eine Kr\u00e4utersch\u00e4lmethode, die aus der Kombination von 8 Pflanzen mit sorgf\u00e4ltig ausgew\u00e4hlten essentiellen Enzymen, Vitaminen und Mineralien hergestellt wurde. Einer der gr\u00f6\u00dften Indikatoren daf\u00fcr, dass das Kr\u00e4uterpeeling [&hellip;]<\/p>\n","protected":false},"author":2,"featured_media":0,"parent":11117,"menu_order":0,"comment_status":"closed","ping_status":"closed","template":"","meta":{"footnotes":""},"_links":{"self":[{"href":"https:\/\/www.drhakanerbilpoliklinigi.com\/de\/wp-json\/wp\/v2\/pages\/11560"}],"collection":[{"href":"https:\/\/www.drhakanerbilpoliklinigi.com\/de\/wp-json\/wp\/v2\/pages"}],"about":[{"href":"https:\/\/www.drhakanerbilpoliklinigi.com\/de\/wp-json\/wp\/v2\/types\/page"}],"author":[{"embeddable":true,"href":"https:\/\/www.drhakanerbilpoliklinigi.com\/de\/wp-json\/wp\/v2\/users\/2"}],"replies":[{"embeddable":true,"href":"https:\/\/www.drhakanerbilpoliklinigi.com\/de\/wp-json\/wp\/v2\/comments?post=11560"}],"version-history":[{"count":9,"href":"https:\/\/www.drhakanerbilpoliklinigi.com\/de\/wp-json\/wp\/v2\/pages\/11560\/revisions"}],"predecessor-version":[{"id":11756,"href":"https:\/\/www.drhakanerbilpoliklinigi.com\/de\/wp-json\/wp\/v2\/pages\/11560\/revisions\/11756"}],"up":[{"embeddable":true,"href":"https:\/\/www.drhakanerbilpoliklinigi.com\/de\/wp-json\/wp\/v2\/pages\/11117"}],"wp:attachment":[{"href":"https:\/\/www.drhakanerbilpoliklinigi.com\/de\/wp-json\/wp\/v2\/media?parent=11560"}],"curies":[{"name":"wp","href":"https:\/\/api.w.org\/{rel}","templated":true}]}}