{"id":11555,"date":"2023-02-02T16:57:52","date_gmt":"2023-02-02T13:57:52","guid":{"rendered":"https:\/\/www.drhakanerbilpoliklinigi.com\/?page_id=11555"},"modified":"2023-04-26T10:18:24","modified_gmt":"2023-04-26T07:18:24","slug":"tmc","status":"publish","type":"page","link":"https:\/\/www.drhakanerbilpoliklinigi.com\/de\/kozmetoloji\/kimyasal-peeling\/tmc\/","title":{"rendered":"TMC"},"content":{"rendered":"<p><span style=\"font-family: 'Arial',sans-serif; color: #4d4d4d; background: white;\"><img loading=\"lazy\" decoding=\"async\" class=\"wp-image-11556 alignleft\" src=\"https:\/\/www.drhakanerbilpoliklinigi.com\/wp-content\/uploads\/2023\/02\/TCM-3-SklepEstetyczny-1-300x300.png\" alt=\"\" width=\"231\" height=\"231\" srcset=\"https:\/\/www.drhakanerbilpoliklinigi.com\/wp-content\/uploads\/2023\/02\/TCM-3-SklepEstetyczny-1-300x300.png 300w, https:\/\/www.drhakanerbilpoliklinigi.com\/wp-content\/uploads\/2023\/02\/TCM-3-SklepEstetyczny-1-150x150.png 150w, https:\/\/www.drhakanerbilpoliklinigi.com\/wp-content\/uploads\/2023\/02\/TCM-3-SklepEstetyczny-1.png 600w\" sizes=\"(max-width: 231px) 100vw, 231px\" \/><\/span><\/p>\n<p>TMC, eine alternative Behandlung f\u00fcr Patienten, die nach nadelfreien L\u00f6sungen suchen, ist eigentlich ein chemisches Peeling, aber dank der darin enthaltenen intensiven antioxidativen Substanzen hat es diesen Namen erhalten, weil es der Haut hilft, sich zu regenerieren, zu restrukturieren (indem es sch\u00fctzt des Bindegewebes), spenden Feuchtigkeit und gewinnen Geschmeidigkeit. Dar\u00fcber hinaus hilft es, abgestorbene Hautsch\u00fcppchen von der Haut zu entfernen und eine antibakterielle Wirkung auf die Haut zu erzeugen. Es sch\u00fctzt die Hautstruktur, gleicht sie aus, stimuliert Fibroblasten und steigert die Kollagen- und Elastinsynthese. Aufgrund der darin enthaltenen Wirkstoffe hat es den Namen nadelfreies Hautverj\u00fcngungs- und Restrukturierungsprotokoll erhalten. Die TMC3-Anwendung ist nicht auf nur einhundert beschr\u00e4nkt; Es kann auch auf Hals, Dekollet\u00e9, H\u00e4nde, Arme und Waden aufgetragen werden. Hautstraffung, Porenverengung, Ausgleich der Hautfarbe und Pickelbehandlung, Behandlung von Akne und Narben sind die h\u00e4ufigsten Einsatzgebiete.<\/p>","protected":false},"excerpt":{"rendered":"<p>TMC, eine alternative Behandlung f\u00fcr Patienten, die nach nadelfreien L\u00f6sungen suchen, ist eigentlich ein chemisches Peeling, aber dank der darin enthaltenen intensiven antioxidativen Substanzen hat es diesen Namen erhalten, weil [&hellip;]<\/p>\n","protected":false},"author":2,"featured_media":0,"parent":11117,"menu_order":0,"comment_status":"closed","ping_status":"closed","template":"","meta":{"footnotes":""},"_links":{"self":[{"href":"https:\/\/www.drhakanerbilpoliklinigi.com\/de\/wp-json\/wp\/v2\/pages\/11555"}],"collection":[{"href":"https:\/\/www.drhakanerbilpoliklinigi.com\/de\/wp-json\/wp\/v2\/pages"}],"about":[{"href":"https:\/\/www.drhakanerbilpoliklinigi.com\/de\/wp-json\/wp\/v2\/types\/page"}],"author":[{"embeddable":true,"href":"https:\/\/www.drhakanerbilpoliklinigi.com\/de\/wp-json\/wp\/v2\/users\/2"}],"replies":[{"embeddable":true,"href":"https:\/\/www.drhakanerbilpoliklinigi.com\/de\/wp-json\/wp\/v2\/comments?post=11555"}],"version-history":[{"count":5,"href":"https:\/\/www.drhakanerbilpoliklinigi.com\/de\/wp-json\/wp\/v2\/pages\/11555\/revisions"}],"predecessor-version":[{"id":11748,"href":"https:\/\/www.drhakanerbilpoliklinigi.com\/de\/wp-json\/wp\/v2\/pages\/11555\/revisions\/11748"}],"up":[{"embeddable":true,"href":"https:\/\/www.drhakanerbilpoliklinigi.com\/de\/wp-json\/wp\/v2\/pages\/11117"}],"wp:attachment":[{"href":"https:\/\/www.drhakanerbilpoliklinigi.com\/de\/wp-json\/wp\/v2\/media?parent=11555"}],"curies":[{"name":"wp","href":"https:\/\/api.w.org\/{rel}","templated":true}]}}