{"id":11458,"date":"2022-04-03T18:22:25","date_gmt":"2022-04-03T15:22:25","guid":{"rendered":"https:\/\/www.drhakanerbilpoliklinigi.com\/?page_id=11458"},"modified":"2023-04-25T01:27:45","modified_gmt":"2023-04-24T22:27:45","slug":"gozlemci-egitim","status":"publish","type":"page","link":"https:\/\/www.drhakanerbilpoliklinigi.com\/de\/akademi\/gozlemci-egitim\/","title":{"rendered":"Observatoriumsausbildung"},"content":{"rendered":"<p>Wir nehmen \u00c4rzte auf, die lernen m\u00f6chten, indem sie die Verfahren in unserer Klinik t\u00e4glich oder an dem von unserem Arzt festgelegten Datum\/Daten beobachten. Sie k\u00f6nnen unsere Klinik anrufen oder eine direkte Nachricht an unseren Arzt A. Hakan Erbil auf Instagram senden, um einen Termin zu vereinbaren.<\/p>","protected":false},"excerpt":{"rendered":"<p>Wir nehmen \u00c4rzte auf, die lernen m\u00f6chten, indem sie die Verfahren in unserer Klinik t\u00e4glich oder an dem von unserem Arzt festgelegten Datum\/Daten beobachten. Sie k\u00f6nnen unsere Klinik anrufen oder [&hellip;]<\/p>\n","protected":false},"author":2,"featured_media":0,"parent":10138,"menu_order":0,"comment_status":"closed","ping_status":"closed","template":"","meta":{"footnotes":""},"_links":{"self":[{"href":"https:\/\/www.drhakanerbilpoliklinigi.com\/de\/wp-json\/wp\/v2\/pages\/11458"}],"collection":[{"href":"https:\/\/www.drhakanerbilpoliklinigi.com\/de\/wp-json\/wp\/v2\/pages"}],"about":[{"href":"https:\/\/www.drhakanerbilpoliklinigi.com\/de\/wp-json\/wp\/v2\/types\/page"}],"author":[{"embeddable":true,"href":"https:\/\/www.drhakanerbilpoliklinigi.com\/de\/wp-json\/wp\/v2\/users\/2"}],"replies":[{"embeddable":true,"href":"https:\/\/www.drhakanerbilpoliklinigi.com\/de\/wp-json\/wp\/v2\/comments?post=11458"}],"version-history":[{"count":3,"href":"https:\/\/www.drhakanerbilpoliklinigi.com\/de\/wp-json\/wp\/v2\/pages\/11458\/revisions"}],"predecessor-version":[{"id":11707,"href":"https:\/\/www.drhakanerbilpoliklinigi.com\/de\/wp-json\/wp\/v2\/pages\/11458\/revisions\/11707"}],"up":[{"embeddable":true,"href":"https:\/\/www.drhakanerbilpoliklinigi.com\/de\/wp-json\/wp\/v2\/pages\/10138"}],"wp:attachment":[{"href":"https:\/\/www.drhakanerbilpoliklinigi.com\/de\/wp-json\/wp\/v2\/media?parent=11458"}],"curies":[{"name":"wp","href":"https:\/\/api.w.org\/{rel}","templated":true}]}}