{"id":11414,"date":"2022-02-21T15:43:19","date_gmt":"2022-02-21T12:43:19","guid":{"rendered":"https:\/\/www.drhakanerbilpoliklinigi.com\/?page_id=11414"},"modified":"2024-02-19T18:40:46","modified_gmt":"2024-02-19T15:40:46","slug":"ozon","status":"publish","type":"page","link":"https:\/\/www.drhakanerbilpoliklinigi.com\/de\/getat\/ozon\/","title":{"rendered":"OZON"},"content":{"rendered":"<p><img loading=\"lazy\" decoding=\"async\" class=\" wp-image-11415 alignleft\" src=\"https:\/\/www.drhakanerbilpoliklinigi.com\/wp-content\/uploads\/2022\/02\/Ozono-740x493-1-300x200.jpg\" alt=\"\" width=\"399\" height=\"266\" srcset=\"https:\/\/www.drhakanerbilpoliklinigi.com\/wp-content\/uploads\/2022\/02\/Ozono-740x493-1-300x200.jpg 300w, https:\/\/www.drhakanerbilpoliklinigi.com\/wp-content\/uploads\/2022\/02\/Ozono-740x493-1.jpg 740w\" sizes=\"(max-width: 399px) 100vw, 399px\" \/><\/p>\n<p>&nbsp;<\/p>\n<p>&nbsp;<\/p>\n<p>Mit seiner antioxidativen und entz\u00fcndungshemmenden Wirkung hilft es, das Immunsystem zu st\u00e4rken und die Barriere-, Immun-, Wasserspeicher- und Regenerationsfunktion der Haut zu verbessern. Es verlangsamt die Hautalterung und erh\u00f6ht die Durchblutung. Es versorgt das Gewebe mit Sauerstoff. Erh\u00f6ht die Muskelleistung. Es hilft auch, Krankheiten wie Fibromyalgie, chronische M\u00fcdigkeit, Schlaflosigkeit, Herz-, Gef\u00e4\u00df-, Kreislauf- und Lungenerkrankungen zu reduzieren. Es wird zu Entgiftungszwecken hergestellt. Es hat sich w\u00e4hrend der Chemotherapie bew\u00e4hrt.<\/p>","protected":false},"excerpt":{"rendered":"<p>&nbsp; &nbsp; Mit seiner antioxidativen und entz\u00fcndungshemmenden Wirkung hilft es, das Immunsystem zu st\u00e4rken und die Barriere-, Immun-, Wasserspeicher- und Regenerationsfunktion der Haut zu verbessern. Es verlangsamt die Hautalterung und [&hellip;]<\/p>\n","protected":false},"author":2,"featured_media":0,"parent":11417,"menu_order":0,"comment_status":"closed","ping_status":"closed","template":"","meta":{"footnotes":""},"_links":{"self":[{"href":"https:\/\/www.drhakanerbilpoliklinigi.com\/de\/wp-json\/wp\/v2\/pages\/11414"}],"collection":[{"href":"https:\/\/www.drhakanerbilpoliklinigi.com\/de\/wp-json\/wp\/v2\/pages"}],"about":[{"href":"https:\/\/www.drhakanerbilpoliklinigi.com\/de\/wp-json\/wp\/v2\/types\/page"}],"author":[{"embeddable":true,"href":"https:\/\/www.drhakanerbilpoliklinigi.com\/de\/wp-json\/wp\/v2\/users\/2"}],"replies":[{"embeddable":true,"href":"https:\/\/www.drhakanerbilpoliklinigi.com\/de\/wp-json\/wp\/v2\/comments?post=11414"}],"version-history":[{"count":3,"href":"https:\/\/www.drhakanerbilpoliklinigi.com\/de\/wp-json\/wp\/v2\/pages\/11414\/revisions"}],"predecessor-version":[{"id":11709,"href":"https:\/\/www.drhakanerbilpoliklinigi.com\/de\/wp-json\/wp\/v2\/pages\/11414\/revisions\/11709"}],"up":[{"embeddable":true,"href":"https:\/\/www.drhakanerbilpoliklinigi.com\/de\/wp-json\/wp\/v2\/pages\/11417"}],"wp:attachment":[{"href":"https:\/\/www.drhakanerbilpoliklinigi.com\/de\/wp-json\/wp\/v2\/media?parent=11414"}],"curies":[{"name":"wp","href":"https:\/\/api.w.org\/{rel}","templated":true}]}}