{"id":11230,"date":"2021-11-22T18:05:01","date_gmt":"2021-11-22T15:05:01","guid":{"rendered":"https:\/\/www.drhakanerbilpoliklinigi.com\/?page_id=11230"},"modified":"2023-04-24T23:52:32","modified_gmt":"2023-04-24T20:52:32","slug":"iletisim-formu-aydinlatma-metni","status":"publish","type":"page","link":"https:\/\/www.drhakanerbilpoliklinigi.com\/de\/kisisel-verilerin-korunmasi-kanunu-kvkk\/iletisim-formu-aydinlatma-metni\/","title":{"rendered":"Dokument zur Kl\u00e4rung des Kontaktformulars"},"content":{"rendered":"<p>A. DATENVERANTWORTLICHER:<\/p>\n<p>Dieses Klarstellungsdokument im Rahmen von Artikel 10 des Gesetzes zum Schutz personenbezogener Daten Nr. 6698 und die \u201eMitteilung \u00fcber die bei der Erf\u00fcllung der Aufkl\u00e4rungspflicht einzuhaltenden Verfahren und Grunds\u00e4tze\u201c wird von DR. HAKAN ERB\u0130L \u00dcM\u0130TK\u00d6Y CLINIC (im Folgenden als \u201eKlinik\u201c bezeichnet) als Datenverantwortlicher.<\/p>\n<p>&nbsp;<\/p>\n<p>B. ZWECK DER VERARBEITUNG PERSONENBEZOGENER DATEN, KATEGORIEN DER ZU VERARBEITENDEN PERSONENBEZOGENEN DATEN, RECHTLICHE VERARBEITUNGSGR\u00dcNDE UND ERHEBUNGSMETHODE DER PERSONENBEZOGENEN DATEN:<\/p>\n<p>Die Zwecke, Kategorien und rechtlichen Verarbeitungsgr\u00fcnde Ihrer personenbezogenen Daten durch die Klinik werden im Folgenden vergleichend dargestellt.<\/p>\n<p>&nbsp;<\/p>\n<p>&nbsp;<\/p>\n<p>ZWECK DER VERARBEITUNG PERSONENBEZOGENER DATEN<\/p>\n<p>&nbsp;<\/p>\n<p>&nbsp;<\/p>\n<p>KATEGORIE PERSONENBEZOGENER DATEN<\/p>\n<p>RECHTLICHER GRUND F\u00dcR DIE VERARBEITUNG PERSONENBEZOGENER DATEN<\/p>\n<p>&nbsp;<\/p>\n<p>Durchf\u00fchrung von Kommunikationsaktivit\u00e4ten, Nachverfolgung von Anfragen \/ Beschwerden<\/p>\n<p>&nbsp;<\/p>\n<p>&nbsp;<\/p>\n<p>&nbsp;<\/p>\n<p>Identit\u00e4t, Kommunikation, Transaktionssicherheit<\/p>\n<p>&nbsp;<\/p>\n<p>&nbsp;<\/p>\n<p>&nbsp;<\/p>\n<p>&nbsp;<\/p>\n<p>&nbsp;<\/p>\n<p>Begr\u00fcndung, Aus\u00fcbung oder Schutz eines Rechts<\/p>\n<p>&nbsp;<\/p>\n<p>Ihre personenbezogenen Daten werden, basierend auf dem oben genannten Rechtsgrund, durch manuelles Ausf\u00fcllen des entsprechenden Formulars automatisch verarbeitet.<\/p>\n<p>&nbsp;<\/p>\n<p>C. AN WEN UND ZU WELCHEN ZWECKEN DIE VERARBEITETEN PERSONENBEZOGENEN DATEN \u00dcBERMITTELT WERDEN K\u00d6NNEN:<\/p>\n<p>Ihre personenbezogenen Daten werden von der Klinik nicht an Dritte weitergegeben (bez\u00fcglich der Angelegenheiten dieses Formulars).<\/p>\n<p>&nbsp;<\/p>\n<p>D. RECHTE DER NAHESTEHENDEN PERSON:<\/p>\n<p>Ihre Antr\u00e4ge im Rahmen von Artikel 11 des Gesetzes \u201ezur Regelung der Rechte der betroffenen Person\u201c sind an DR. HAKAN ERB\u0130L \u00dcM\u0130TK\u00d6Y KLINIK gem\u00e4\u00df der \u201eMitteilung \u00fcber die Verfahren und Grunds\u00e4tze der Anwendung an den Datenverantwortlichen\u201c, wie schriftlich an die physische Adresse \u201e\u00dcmit Mahallesi, 2494\/1. Sokak. Nr.: 6, 06810 \u00c7ankaya\/Ankara\u201c oder per E-Mail an die Adresse \u201einfo@drhakanerbil.com\u201c.<\/p>","protected":false},"excerpt":{"rendered":"<p>A. DATENVERANTWORTLICHER: Dieses Klarstellungsdokument im Rahmen von Artikel 10 des Gesetzes zum Schutz personenbezogener Daten Nr. 6698 und die \u201eMitteilung \u00fcber die bei der Erf\u00fcllung der Aufkl\u00e4rungspflicht einzuhaltenden Verfahren und [&hellip;]<\/p>\n","protected":false},"author":2,"featured_media":0,"parent":11204,"menu_order":0,"comment_status":"closed","ping_status":"closed","template":"","meta":{"footnotes":""},"_links":{"self":[{"href":"https:\/\/www.drhakanerbilpoliklinigi.com\/de\/wp-json\/wp\/v2\/pages\/11230"}],"collection":[{"href":"https:\/\/www.drhakanerbilpoliklinigi.com\/de\/wp-json\/wp\/v2\/pages"}],"about":[{"href":"https:\/\/www.drhakanerbilpoliklinigi.com\/de\/wp-json\/wp\/v2\/types\/page"}],"author":[{"embeddable":true,"href":"https:\/\/www.drhakanerbilpoliklinigi.com\/de\/wp-json\/wp\/v2\/users\/2"}],"replies":[{"embeddable":true,"href":"https:\/\/www.drhakanerbilpoliklinigi.com\/de\/wp-json\/wp\/v2\/comments?post=11230"}],"version-history":[{"count":8,"href":"https:\/\/www.drhakanerbilpoliklinigi.com\/de\/wp-json\/wp\/v2\/pages\/11230\/revisions"}],"predecessor-version":[{"id":11673,"href":"https:\/\/www.drhakanerbilpoliklinigi.com\/de\/wp-json\/wp\/v2\/pages\/11230\/revisions\/11673"}],"up":[{"embeddable":true,"href":"https:\/\/www.drhakanerbilpoliklinigi.com\/de\/wp-json\/wp\/v2\/pages\/11204"}],"wp:attachment":[{"href":"https:\/\/www.drhakanerbilpoliklinigi.com\/de\/wp-json\/wp\/v2\/media?parent=11230"}],"curies":[{"name":"wp","href":"https:\/\/api.w.org\/{rel}","templated":true}]}}