{"id":11179,"date":"2021-11-11T15:32:30","date_gmt":"2021-11-11T12:32:30","guid":{"rendered":"https:\/\/www.drhakanerbilpoliklinigi.com\/?page_id=11179"},"modified":"2024-02-27T03:08:08","modified_gmt":"2024-02-27T00:08:08","slug":"degerlerimiz","status":"publish","type":"page","link":"https:\/\/www.drhakanerbilpoliklinigi.com\/de\/degerlerimiz\/","title":{"rendered":"Unsere Werte"},"content":{"rendered":"<p><u>1-Rationalit\u00e4t und Wissenschaft:<\/u> Weichen Sie niemals von dem von Vernunft und Wissenschaft erleuchteten Weg ab.<\/p>\n<p><u>2-Schaffung eines demokratischen Arbeitsumfelds:<\/u> Schaffung eines Arbeitsumfelds, das es allen erm\u00f6glicht, ihre Vorstellungen \u00fcber die allgemeine Struktur und ihren Bereich konstruktiv zu \u00e4u\u00dfern.<\/p>\n<p><u>3-Achtung der Menschenrechte:<\/u> Achtung der angeborenen Rechte jedes Menschen, unabh\u00e4ngig von Religion, Sprache, Rasse, Nationalit\u00e4t, Geschlecht und sexueller Orientierung, nicht nur bei seinen Mitarbeitern, sondern auch bei seinen Patienten, in Partnerunternehmen, mit denen es sich entwickelt Gesch\u00e4ft und bei \u00c4rzten.<\/p>\n<p><u>4-Konstruktive Kritik \u00e4u\u00dfern:<\/u> Bei jeder Kritik zu einer Entwicklung f\u00fchren, die zur Unternehmenskultur beitr\u00e4gt und zu pers\u00f6nlichen und Unternehmenswerten passt.<\/p>\n<p><u>5-Sich um die Entwicklung von Kollegen k\u00fcmmern:<\/u> Bereitstellung aller Arten von Schulungs- und Entwicklungsm\u00f6glichkeiten f\u00fcr die Entwicklung von Kollegen.<\/p>\n<p><u>6-Sich um die Zufriedenheit der Kollegen k\u00fcmmern:<\/u> Das Management, den F\u00fchrungsansatz, die individuelle Initiativementalit\u00e4t und die gesamte Crew daf\u00fcr verantwortlich machen, dass die Zufriedenheit der anderen w\u00e4hrend der gesamten Arbeitsstruktur gew\u00e4hrleistet ist.<\/p>\n<p><u>7-Medizinische Vision:<\/u> Ma\u00dfnahmen zu ergreifen, um sicherzustellen, dass sich jede medizinische Einheit, die in unserer Einrichtung arbeitet, kontinuierlich weiterentwickelt und erneuert, und eine medizinische Vision zu haben, die alle Entwicklungen und Innovationen in der Welt in Bezug auf die erbrachten Dienstleistungen (Behandlungen) verfolgt und umsetzt.<\/p>\n<p><u>8-Patientenzufriedenheit:<\/u> Die Zufriedenheit der Patienten hat immer Priorit\u00e4t.<\/p>\n<p><u>9-Qualitativ hochwertige Behandlung\/Dienstleistung:<\/u> Immer eine qualitativ hochwertige Behandlung\/Dienstleistung mit ihren medizinischen und sozialen Dimensionen anzubieten.<\/p>\n<p><u>10-Zuverl\u00e4ssigkeit:<\/u> Um die Zuverl\u00e4ssigkeit jederzeit aufrechtzuerhalten. Vertrauen ist schwer aufzubauen, leicht zu brechen.<\/p>\n<p><u>11-Motivation:<\/u> Eine Struktur schaffen, die es jedem erm\u00f6glicht, motiviert in den neuen Tag zu starten, und sich so zu verhalten, dass es zun\u00e4chst zu seiner Motivation und dann zur Motivation aller anderen Kollegen beitr\u00e4gt.<\/p>\n<p><u>12-Toleranz und Teilen:<\/u> Den Arbeitsalltag einbeziehend, respektvoll miteinander, tolerant und teilend verbringen (niemanden ausschlie\u00dfen).<\/p>\n<p><u>13-Responsiveness:<\/u> Alle am Arbeitsplatz immer sensibel f\u00fcreinander, f\u00fcr alle anderen Menschen, f\u00fcr die Menschheit und f\u00fcr die Natur zu machen, um sicherzustellen, dass alle bis hierher genannten Werte als Handeln verwirklicht werden.<\/p>","protected":false},"excerpt":{"rendered":"<p>1-Rationalit\u00e4t und Wissenschaft: Weichen Sie niemals von dem von Vernunft und Wissenschaft erleuchteten Weg ab. 2-Schaffung eines demokratischen Arbeitsumfelds: Schaffung eines Arbeitsumfelds, das es allen erm\u00f6glicht, ihre Vorstellungen \u00fcber die [&hellip;]<\/p>\n","protected":false},"author":2,"featured_media":0,"parent":0,"menu_order":0,"comment_status":"closed","ping_status":"closed","template":"","meta":{"footnotes":""},"_links":{"self":[{"href":"https:\/\/www.drhakanerbilpoliklinigi.com\/de\/wp-json\/wp\/v2\/pages\/11179"}],"collection":[{"href":"https:\/\/www.drhakanerbilpoliklinigi.com\/de\/wp-json\/wp\/v2\/pages"}],"about":[{"href":"https:\/\/www.drhakanerbilpoliklinigi.com\/de\/wp-json\/wp\/v2\/types\/page"}],"author":[{"embeddable":true,"href":"https:\/\/www.drhakanerbilpoliklinigi.com\/de\/wp-json\/wp\/v2\/users\/2"}],"replies":[{"embeddable":true,"href":"https:\/\/www.drhakanerbilpoliklinigi.com\/de\/wp-json\/wp\/v2\/comments?post=11179"}],"version-history":[{"count":8,"href":"https:\/\/www.drhakanerbilpoliklinigi.com\/de\/wp-json\/wp\/v2\/pages\/11179\/revisions"}],"predecessor-version":[{"id":12304,"href":"https:\/\/www.drhakanerbilpoliklinigi.com\/de\/wp-json\/wp\/v2\/pages\/11179\/revisions\/12304"}],"wp:attachment":[{"href":"https:\/\/www.drhakanerbilpoliklinigi.com\/de\/wp-json\/wp\/v2\/media?parent=11179"}],"curies":[{"name":"wp","href":"https:\/\/api.w.org\/{rel}","templated":true}]}}