{"id":11117,"date":"2021-11-09T12:06:24","date_gmt":"2021-11-09T09:06:24","guid":{"rendered":"https:\/\/www.drhakanerbilpoliklinigi.com\/?page_id=11117"},"modified":"2024-02-19T18:47:32","modified_gmt":"2024-02-19T15:47:32","slug":"kimyasal-peeling","status":"publish","type":"page","link":"https:\/\/www.drhakanerbilpoliklinigi.com\/de\/kozmetoloji\/kimyasal-peeling\/","title":{"rendered":"Chemisches Peeling"},"content":{"rendered":"<p><img loading=\"lazy\" decoding=\"async\" class=\" wp-image-11124 alignleft\" src=\"https:\/\/www.drhakanerbilpoliklinigi.com\/wp-content\/uploads\/2021\/11\/kimyasal-peeling.jpg\" alt=\"\" width=\"574\" height=\"382\" \/><\/p>\n<p>Chemisches Peeling ist ein Prozess, der durchgef\u00fchrt wird, um die Haut von abgestorbenen Zellen zu reinigen. Es wird angewendet, um Hautunreinheiten (Sonnenflecken, Altersflecken, Nachschwangerschaft usw.), Falten, Akne und Aknenarben sowie por\u00f6ses Erscheinungsbild zu reduzieren, den Feuchtigkeits- und \u00d6lhaushalt der Haut zu regulieren und der Haut ein j\u00fcngeres, ges\u00fcnderes Aussehen zu verleihen , helleres und glatteres Aussehen. Mit verschiedenen Chemikalien werden die oberen Hautschichten kontrolliert gesch\u00e4lt und darunter eine neue Hautschicht gebildet. Die Anwendung chemischer Peelings wird je nach Tiefe des Peelingprozesses in oberfl\u00e4chlich, mittel und tief eingeteilt. Nach der Anwendung des chemischen Peelings sollte die Haut vor Sonnenstrahlen und Reizungen gesch\u00fctzt werden.<\/p>\n<p>&nbsp;<\/p>","protected":false},"excerpt":{"rendered":"<p>Chemisches Peeling ist ein Prozess, der durchgef\u00fchrt wird, um die Haut von abgestorbenen Zellen zu reinigen. Es wird angewendet, um Hautunreinheiten (Sonnenflecken, Altersflecken, Nachschwangerschaft usw.), Falten, Akne und Aknenarben sowie [&hellip;]<\/p>\n","protected":false},"author":2,"featured_media":0,"parent":10132,"menu_order":0,"comment_status":"closed","ping_status":"closed","template":"","meta":{"footnotes":""},"_links":{"self":[{"href":"https:\/\/www.drhakanerbilpoliklinigi.com\/de\/wp-json\/wp\/v2\/pages\/11117"}],"collection":[{"href":"https:\/\/www.drhakanerbilpoliklinigi.com\/de\/wp-json\/wp\/v2\/pages"}],"about":[{"href":"https:\/\/www.drhakanerbilpoliklinigi.com\/de\/wp-json\/wp\/v2\/types\/page"}],"author":[{"embeddable":true,"href":"https:\/\/www.drhakanerbilpoliklinigi.com\/de\/wp-json\/wp\/v2\/users\/2"}],"replies":[{"embeddable":true,"href":"https:\/\/www.drhakanerbilpoliklinigi.com\/de\/wp-json\/wp\/v2\/comments?post=11117"}],"version-history":[{"count":10,"href":"https:\/\/www.drhakanerbilpoliklinigi.com\/de\/wp-json\/wp\/v2\/pages\/11117\/revisions"}],"predecessor-version":[{"id":12045,"href":"https:\/\/www.drhakanerbilpoliklinigi.com\/de\/wp-json\/wp\/v2\/pages\/11117\/revisions\/12045"}],"up":[{"embeddable":true,"href":"https:\/\/www.drhakanerbilpoliklinigi.com\/de\/wp-json\/wp\/v2\/pages\/10132"}],"wp:attachment":[{"href":"https:\/\/www.drhakanerbilpoliklinigi.com\/de\/wp-json\/wp\/v2\/media?parent=11117"}],"curies":[{"name":"wp","href":"https:\/\/api.w.org\/{rel}","templated":true}]}}