{"id":10683,"date":"2021-11-03T14:19:00","date_gmt":"2021-11-03T11:19:00","guid":{"rendered":"https:\/\/www.drhakanerbilpoliklinigi.com\/?page_id=10683"},"modified":"2021-11-03T14:21:27","modified_gmt":"2021-11-03T11:21:27","slug":"dna-isiltisi-genclik-asisi","status":"publish","type":"page","link":"https:\/\/www.drhakanerbilpoliklinigi.com\/de\/dermoestetik\/mezoterapi-uygulamalari\/genclik-asilari\/dna-isiltisi-genclik-asisi\/","title":{"rendered":"(Turkish) DNA I\u015f\u0131lt\u0131s\u0131 Gen\u00e7lik A\u015f\u0131s\u0131"},"content":{"rendered":"<p class=\"qtranxs-available-languages-message qtranxs-available-languages-message-de\">Leider ist der Eintrag nur auf <a href=\"https:\/\/www.drhakanerbilpoliklinigi.com\/tr\/wp-json\/wp\/v2\/pages\/10683\" class=\"qtranxs-available-language-link qtranxs-available-language-link-tr\" title=\"Turkish\">T\u00fcrkisch<\/a> und <a href=\"https:\/\/www.drhakanerbilpoliklinigi.com\/en\/wp-json\/wp\/v2\/pages\/10683\" class=\"qtranxs-available-language-link qtranxs-available-language-link-en\" title=\"English\">Amerikanisches Englisch<\/a> verf\u00fcgbar.<\/p>","protected":false},"excerpt":{"rendered":"<p>Leider ist der Eintrag nur auf T\u00fcrkisch und Amerikanisches Englisch verf\u00fcgbar.<\/p>\n","protected":false},"author":1,"featured_media":0,"parent":10667,"menu_order":0,"comment_status":"closed","ping_status":"closed","template":"","meta":{"footnotes":""},"_links":{"self":[{"href":"https:\/\/www.drhakanerbilpoliklinigi.com\/de\/wp-json\/wp\/v2\/pages\/10683"}],"collection":[{"href":"https:\/\/www.drhakanerbilpoliklinigi.com\/de\/wp-json\/wp\/v2\/pages"}],"about":[{"href":"https:\/\/www.drhakanerbilpoliklinigi.com\/de\/wp-json\/wp\/v2\/types\/page"}],"author":[{"embeddable":true,"href":"https:\/\/www.drhakanerbilpoliklinigi.com\/de\/wp-json\/wp\/v2\/users\/1"}],"replies":[{"embeddable":true,"href":"https:\/\/www.drhakanerbilpoliklinigi.com\/de\/wp-json\/wp\/v2\/comments?post=10683"}],"version-history":[{"count":4,"href":"https:\/\/www.drhakanerbilpoliklinigi.com\/de\/wp-json\/wp\/v2\/pages\/10683\/revisions"}],"predecessor-version":[{"id":10687,"href":"https:\/\/www.drhakanerbilpoliklinigi.com\/de\/wp-json\/wp\/v2\/pages\/10683\/revisions\/10687"}],"up":[{"embeddable":true,"href":"https:\/\/www.drhakanerbilpoliklinigi.com\/de\/wp-json\/wp\/v2\/pages\/10667"}],"wp:attachment":[{"href":"https:\/\/www.drhakanerbilpoliklinigi.com\/de\/wp-json\/wp\/v2\/media?parent=10683"}],"curies":[{"name":"wp","href":"https:\/\/api.w.org\/{rel}","templated":true}]}}