{"id":10636,"date":"2021-10-01T15:56:40","date_gmt":"2021-10-01T12:56:40","guid":{"rendered":"https:\/\/www.drhakanerbilpoliklinigi.com\/?page_id=10636"},"modified":"2024-08-18T23:15:44","modified_gmt":"2024-08-18T20:15:44","slug":"aktif-karbon-peeling","status":"publish","type":"page","link":"https:\/\/www.drhakanerbilpoliklinigi.com\/de\/aktif-karbon-peeling\/","title":{"rendered":"Kohlenstoff-Peeling"},"content":{"rendered":"<div class=\"wpb-content-wrapper\"><p>[vc_row][vc_column width=&#8220;1\/2&#8243;][vc_single_image image=&#8220;10836&#8243; img_size=&#8220;large&#8220;][\/vc_column][vc_column width=&#8220;1\/2&#8243;][vc_column_text]<\/p>\n<p>&nbsp;<\/p>\n<p>&nbsp;<\/p>\n<p>Die Anwendung des Carbon-Peelings spielt eine aktive Rolle bei der Reduzierung von Hautunreinheiten, feinen Linien, por\u00f6sem Aussehen, Akne und Aknenarben. Es strafft die Haut. Erfolgreichere Ergebnisse werden erzielt, wenn sie in Kombination mit dermatologischer Hautpflege angewendet werden. Seine Anwendung w\u00e4hrend der Jahreszeiten\u00fcberg\u00e4nge ist wichtig, um die Haut von den Auswirkungen der vergangenen Saison zu reinigen.[\/vc_column_text][\/vc_column][\/vc_row]<\/p>\n<\/div>","protected":false},"excerpt":{"rendered":"<p>[vc_row][vc_column width=&#8220;1\/2&#8243;][vc_single_image image=&#8220;10836&#8243; img_size=&#8220;large&#8220;][\/vc_column][vc_column width=&#8220;1\/2&#8243;][vc_column_text] &nbsp; &nbsp; Die Anwendung des Carbon-Peelings spielt eine aktive Rolle bei der Reduzierung von Hautunreinheiten, feinen Linien, por\u00f6sem Aussehen, Akne und Aknenarben. Es strafft die [&hellip;]<\/p>\n","protected":false},"author":1,"featured_media":0,"parent":0,"menu_order":0,"comment_status":"closed","ping_status":"closed","template":"","meta":{"footnotes":""},"_links":{"self":[{"href":"https:\/\/www.drhakanerbilpoliklinigi.com\/de\/wp-json\/wp\/v2\/pages\/10636"}],"collection":[{"href":"https:\/\/www.drhakanerbilpoliklinigi.com\/de\/wp-json\/wp\/v2\/pages"}],"about":[{"href":"https:\/\/www.drhakanerbilpoliklinigi.com\/de\/wp-json\/wp\/v2\/types\/page"}],"author":[{"embeddable":true,"href":"https:\/\/www.drhakanerbilpoliklinigi.com\/de\/wp-json\/wp\/v2\/users\/1"}],"replies":[{"embeddable":true,"href":"https:\/\/www.drhakanerbilpoliklinigi.com\/de\/wp-json\/wp\/v2\/comments?post=10636"}],"version-history":[{"count":21,"href":"https:\/\/www.drhakanerbilpoliklinigi.com\/de\/wp-json\/wp\/v2\/pages\/10636\/revisions"}],"predecessor-version":[{"id":12417,"href":"https:\/\/www.drhakanerbilpoliklinigi.com\/de\/wp-json\/wp\/v2\/pages\/10636\/revisions\/12417"}],"wp:attachment":[{"href":"https:\/\/www.drhakanerbilpoliklinigi.com\/de\/wp-json\/wp\/v2\/media?parent=10636"}],"curies":[{"name":"wp","href":"https:\/\/api.w.org\/{rel}","templated":true}]}}