{"id":10634,"date":"2021-10-01T15:56:08","date_gmt":"2021-10-01T12:56:08","guid":{"rendered":"https:\/\/www.drhakanerbilpoliklinigi.com\/?page_id=10634"},"modified":"2024-08-18T23:05:42","modified_gmt":"2024-08-18T20:05:42","slug":"lazer-epilasyon","status":"publish","type":"page","link":"https:\/\/www.drhakanerbilpoliklinigi.com\/de\/lazer-epilasyon\/","title":{"rendered":"Laser-Epilation"},"content":{"rendered":"<div class=\"wpb-content-wrapper\"><p>[vc_row][vc_column width=&#8220;1\/2&#8243;][vc_single_image image=&#8220;10831&#8243; img_size=&#8220;large&#8220;][\/vc_column][vc_column width=&#8220;1\/2&#8243;][vc_column_text]<\/p>\n<p>&nbsp;<\/p>\n<p>Der Laserstrahl ist ein Lichtstrahl einer bestimmten Wellenl\u00e4nge, der unabh\u00e4ngig voneinander in die gleiche Richtung l\u00e4uft. Dieser Lichtstrahl f\u00e4llt dank Laserger\u00e4ten auf die Haut und die freigesetzte W\u00e4rmeenergie wirkt sich haupts\u00e4chlich auf die Haare aus. Das in den Haaren in der aktiven Phase enthaltene Melanin wird durch den Laserstrahl ausgew\u00e4hlt, und das Haar, das dieses Licht absorbiert, fungiert als Leiter, der die in W\u00e4rme umgewandelte Lichtenergie entlang seiner L\u00e4nge transportiert und bis zur Haarwurzel gelangt. Ziel ist es, die Haare und die sie versorgenden Zellen zu zerst\u00f6ren und so die Haarproduktion zu minimieren oder ganz zu unterbinden. Laserger\u00e4te variieren je nach Wellenl\u00e4nge. Zu den f\u00fcr die Epilation verwendeten Lasern z\u00e4hlen Alexandrit-, Dioden- und NdYag-Laser.[\/vc_column_text][\/vc_column][\/vc_row]<\/p>\n<\/div>","protected":false},"excerpt":{"rendered":"<p>[vc_row][vc_column width=&#8220;1\/2&#8243;][vc_single_image image=&#8220;10831&#8243; img_size=&#8220;large&#8220;][\/vc_column][vc_column width=&#8220;1\/2&#8243;][vc_column_text] &nbsp; Der Laserstrahl ist ein Lichtstrahl einer bestimmten Wellenl\u00e4nge, der unabh\u00e4ngig voneinander in die gleiche Richtung l\u00e4uft. Dieser Lichtstrahl f\u00e4llt dank Laserger\u00e4ten auf die Haut [&hellip;]<\/p>\n","protected":false},"author":1,"featured_media":0,"parent":0,"menu_order":0,"comment_status":"closed","ping_status":"closed","template":"","meta":{"footnotes":""},"_links":{"self":[{"href":"https:\/\/www.drhakanerbilpoliklinigi.com\/de\/wp-json\/wp\/v2\/pages\/10634"}],"collection":[{"href":"https:\/\/www.drhakanerbilpoliklinigi.com\/de\/wp-json\/wp\/v2\/pages"}],"about":[{"href":"https:\/\/www.drhakanerbilpoliklinigi.com\/de\/wp-json\/wp\/v2\/types\/page"}],"author":[{"embeddable":true,"href":"https:\/\/www.drhakanerbilpoliklinigi.com\/de\/wp-json\/wp\/v2\/users\/1"}],"replies":[{"embeddable":true,"href":"https:\/\/www.drhakanerbilpoliklinigi.com\/de\/wp-json\/wp\/v2\/comments?post=10634"}],"version-history":[{"count":19,"href":"https:\/\/www.drhakanerbilpoliklinigi.com\/de\/wp-json\/wp\/v2\/pages\/10634\/revisions"}],"predecessor-version":[{"id":12409,"href":"https:\/\/www.drhakanerbilpoliklinigi.com\/de\/wp-json\/wp\/v2\/pages\/10634\/revisions\/12409"}],"wp:attachment":[{"href":"https:\/\/www.drhakanerbilpoliklinigi.com\/de\/wp-json\/wp\/v2\/media?parent=10634"}],"curies":[{"name":"wp","href":"https:\/\/api.w.org\/{rel}","templated":true}]}}