{"id":10523,"date":"2021-09-27T12:22:02","date_gmt":"2021-09-27T09:22:02","guid":{"rendered":"https:\/\/www.drhakanerbilpoliklinigi.com\/misyon-copy\/"},"modified":"2024-02-21T16:22:41","modified_gmt":"2024-02-21T13:22:41","slug":"vizyon","status":"publish","type":"page","link":"https:\/\/www.drhakanerbilpoliklinigi.com\/de\/vizyon\/","title":{"rendered":"Unsere Vision"},"content":{"rendered":"<div class=\"wpb-content-wrapper\"><p>[vc_row][vc_column][vc_single_image image=&#8220;12146&#8243; img_size=&#8220;large&#8220; alignment=&#8220;center&#8220;][\/vc_column][\/vc_row][vc_row addstyles=&#8220;width: 85%; margin: 0px auto;&#8220;][vc_column el_class=&#8220;about-us-img&#8220;][vc_empty_space height=&#8220;38px&#8220;][vc_column_text el_class=&#8220;inherit&#8220; css=&#8220;.vc_custom_1708521360614{margin-bottom: 0px !important;}&#8220;]<\/p>\n<div style=\"text-align: justify;\">\n<p>Unsere Vision ist es, kontinuierlich daran zu arbeiten, uns an die \u00e4sthetischen Behandlungen der heutigen Zeit anzupassen und innovativ und auf dem neuesten Stand zu bleiben, indem wir unserem Bestand neue Produkte und Behandlungen hinzuf\u00fcgen, die in der Branche entwickelt wurden. Bei diesem Ziel geh\u00f6rt die Patientenzufriedenheit immer zu unseren Priorit\u00e4ten, sowohl f\u00fcr heute als auch f\u00fcr die Zukunft. Zudem bilden im Lichte des hippokratischen Eids Medizin und Wirtschaftsethik immer die beiden wichtigsten Teile unserer Vision.<\/p>\n<\/div>\n<p>[\/vc_column_text][\/vc_column][\/vc_row]<\/p>\n<\/div>","protected":false},"excerpt":{"rendered":"<p>[vc_row][vc_column][vc_single_image image=&#8220;12146&#8243; img_size=&#8220;large&#8220; alignment=&#8220;center&#8220;][\/vc_column][\/vc_row][vc_row addstyles=&#8220;width: 85%; margin: 0px auto;&#8220;][vc_column el_class=&#8220;about-us-img&#8220;][vc_empty_space height=&#8220;38px&#8220;][vc_column_text el_class=&#8220;inherit&#8220; css=&#8220;.vc_custom_1708521360614{margin-bottom: 0px !important;}&#8220;] Unsere Vision ist es, kontinuierlich daran zu arbeiten, uns an die \u00e4sthetischen Behandlungen der heutigen [&hellip;]<\/p>\n","protected":false},"author":1,"featured_media":0,"parent":0,"menu_order":0,"comment_status":"closed","ping_status":"closed","template":"","meta":{"footnotes":""},"_links":{"self":[{"href":"https:\/\/www.drhakanerbilpoliklinigi.com\/de\/wp-json\/wp\/v2\/pages\/10523"}],"collection":[{"href":"https:\/\/www.drhakanerbilpoliklinigi.com\/de\/wp-json\/wp\/v2\/pages"}],"about":[{"href":"https:\/\/www.drhakanerbilpoliklinigi.com\/de\/wp-json\/wp\/v2\/types\/page"}],"author":[{"embeddable":true,"href":"https:\/\/www.drhakanerbilpoliklinigi.com\/de\/wp-json\/wp\/v2\/users\/1"}],"replies":[{"embeddable":true,"href":"https:\/\/www.drhakanerbilpoliklinigi.com\/de\/wp-json\/wp\/v2\/comments?post=10523"}],"version-history":[{"count":15,"href":"https:\/\/www.drhakanerbilpoliklinigi.com\/de\/wp-json\/wp\/v2\/pages\/10523\/revisions"}],"predecessor-version":[{"id":12150,"href":"https:\/\/www.drhakanerbilpoliklinigi.com\/de\/wp-json\/wp\/v2\/pages\/10523\/revisions\/12150"}],"wp:attachment":[{"href":"https:\/\/www.drhakanerbilpoliklinigi.com\/de\/wp-json\/wp\/v2\/media?parent=10523"}],"curies":[{"name":"wp","href":"https:\/\/api.w.org\/{rel}","templated":true}]}}