{"id":10354,"date":"2021-08-09T09:44:21","date_gmt":"2021-08-09T06:44:21","guid":{"rendered":"https:\/\/www.drhakanerbilpoliklinigi.com\/?page_id=10354"},"modified":"2023-04-25T02:43:25","modified_gmt":"2023-04-24T23:43:25","slug":"sikca-sorulan-sorular","status":"publish","type":"page","link":"https:\/\/www.drhakanerbilpoliklinigi.com\/de\/sikca-sorulan-sorular\/","title":{"rendered":"H\u00e4ufig Gestellte Fragen"},"content":{"rendered":"<div class=\"wpb-content-wrapper\"><p>[vc_row][vc_column][vc_column_text]Wie lang ist die Verweildauer von Botulinumtoxin-Anwendungen?<\/p>\n<p>Sie variiert zwischen 2,5 Monaten und 5 Monaten, mit einem Durchschnitt von 4 Monaten.<\/p>\n<p>&nbsp;<\/p>\n<p>Wie lange dauert es, bis sich die Wirkung von Botulinumtoxin-Anwendungen zeigt?<\/p>\n<p>Sie variiert je nach Art des Toxins und die Wirkung setzt innerhalb von 3 bis 5 Tagen ein. Nach 7-10 Tagen kann die Wirkung beobachtet werden.<\/p>\n<p>&nbsp;<\/p>\n<p>Wie lange ist die Haltbarkeit von F\u00fcllungsantr\u00e4gen?<\/p>\n<p>Sie variiert je nach Art des F\u00fcllstoffs und der aufgetragenen Fl\u00e4che, und die Haltbarkeit variiert zwischen 4 und 16 Monaten.<\/p>\n<p>&nbsp;<\/p>\n<p>Wie lange dauert es, bis sich die Wirkung von F\u00fcllanwendungen zeigt?<\/p>\n<p>Die Wirkung von F\u00fcllanwendungen ist sofort sichtbar.<\/p>\n<p>&nbsp;<\/p>\n<p>Wie viele Sitzungen von Mesotherapie-Anwendungen werden angewendet?<\/p>\n<p>6 bis 10 Sitzungen werden alle 7 bis 10 Tage angewendet. Kontinuit\u00e4tsanwendungen sollten einmal im Monat wiederholt werden.<\/p>\n<p>&nbsp;<\/p>\n<p>Wie viele Sitzungen der Jugendimpfung werden angewendet?<\/p>\n<p>Es wird in Form von 3 oder 4 Anwendungen zwischen 10-15 Tagen durchgef\u00fchrt. Es wird empfohlen, alle 6 Monate zu wiederholen.<\/p>\n<p>&nbsp;<\/p>\n<p>In wie vielen Sitzungen werden PRP-Anwendungen angewendet?<\/p>\n<p>Es werden 6 bis 10 Sitzungen angewendet. Eine Kontinuit\u00e4tsbehandlung wird alle 6 Monate empfohlen.<\/p>\n<p>&nbsp;<\/p>\n<p>Wie lange dauert es, bis die Wirkung von Fadenlifting-Anwendungen sichtbar wird?<\/p>\n<p>Die Wirkung von Faden-Facelift-Anwendungen ist sofort sichtbar.<\/p>\n<p>&nbsp;<\/p>\n<p>F\u00fcr welche Zwecke werden medizinische Laserger\u00e4te eingesetzt?<\/p>\n<p>Medizinische Laserger\u00e4te k\u00f6nnen bevorzugt eingesetzt werden zur Reduzierung von Hautverformungen wie Akne, feinen Falten und Narben (Schwangerschaft, Sonneneinstrahlung, Alterung etc.), Anti-Aging-Anwendungen, Spot-Behandlungen, Entfernung unerw\u00fcnschter T\u00e4towierungen und Permanent-Make-up sowie Behandlungen wie z als Laserepilation.<\/p>\n<p>&nbsp;<\/p>\n<p>Wie viel Zeit sollte f\u00fcr den dermatologischen Hautpflegeprozess eingeplant werden?<\/p>\n<p>Je nach Hautbed\u00fcrfnis sollte zwischen 45 Minuten und 1 Stunde und 15 Minuten eingeplant werden.<\/p>\n<p>&nbsp;<\/p>\n<p>Liefert die chemische Peeling-Anwendung bei der Behandlung von Flecken\/Unreinheiten 100 % Ergebnisse?<\/p>\n<p>Es gibt viele Methoden zur Behandlung von Flecken\/Unreinheiten und es gibt keine definitive Heilung. Bei der chemischen Peeling-Anwendungsmethode variieren die Ergebnisse zwischen 20% und 90%.<\/p>\n<p>&nbsp;<\/p>\n<p>F\u00fcr welche Behandlung ist das BodySculptor-Ger\u00e4t vorgesehen?<\/p>\n<p>Es ist eine Methode zur Reduzierung von intraabdominalem und subkutanem Fett.<\/p>\n<p>&nbsp;<\/p>\n<p>Was sind die Anwendungsprotokolle der BodySculptor-Behandlung?<\/p>\n<p>Es kann 2 Tage die Woche je 1 Stunde, 3 Tage je 45 Minuten oder 6 Tage je 30 Minuten angewendet werden. Es werden mindestens 8 Sitzungen empfohlen und die Anzahl der Sitzungen kann entsprechend den Bed\u00fcrfnissen der Person erh\u00f6ht werden.<\/p>\n<p>&nbsp;<\/p>\n<p>F\u00fcr welche Behandlung sind die Ger\u00e4te D&#8217;efinitive EVO und G5 vorgesehen?<\/p>\n<p>Es ist eine Hilfsbehandlungsmethode zur regionalen Durchforstung.<\/p>\n<p>&nbsp;<\/p>\n<p>Wird eine Haartransplantation in der Dr. Hakan Erbil \u00dcmitk\u00f6y Clinic durchgef\u00fchrt?<\/p>\n<p>Ja, die Haartransplantation wird in unserer Klinik durchgef\u00fchrt. Die Details finden Sie auf der Seite \u201eHaartransplantation\u201c.<\/p>\n<p>&nbsp;<\/p>\n<p>Gibt es in der Klinik Dr. Hakan Erbil \u00dcmitk\u00f6y einen Ern\u00e4hrungsberater?<\/p>\n<p>Ja, wir haben einen Di\u00e4tassistenten in unserer Klinik. Die Details finden Sie auf der Seite \u201eErn\u00e4hrung\u201c.[\/vc_column_text][\/vc_column][\/vc_row]<\/p>\n<\/div>","protected":false},"excerpt":{"rendered":"<p>[vc_row][vc_column][vc_column_text]Wie lang ist die Verweildauer von Botulinumtoxin-Anwendungen? Sie variiert zwischen 2,5 Monaten und 5 Monaten, mit einem Durchschnitt von 4 Monaten. &nbsp; Wie lange dauert es, bis sich die Wirkung [&hellip;]<\/p>\n","protected":false},"author":1,"featured_media":0,"parent":0,"menu_order":0,"comment_status":"closed","ping_status":"closed","template":"","meta":{"footnotes":""},"_links":{"self":[{"href":"https:\/\/www.drhakanerbilpoliklinigi.com\/de\/wp-json\/wp\/v2\/pages\/10354"}],"collection":[{"href":"https:\/\/www.drhakanerbilpoliklinigi.com\/de\/wp-json\/wp\/v2\/pages"}],"about":[{"href":"https:\/\/www.drhakanerbilpoliklinigi.com\/de\/wp-json\/wp\/v2\/types\/page"}],"author":[{"embeddable":true,"href":"https:\/\/www.drhakanerbilpoliklinigi.com\/de\/wp-json\/wp\/v2\/users\/1"}],"replies":[{"embeddable":true,"href":"https:\/\/www.drhakanerbilpoliklinigi.com\/de\/wp-json\/wp\/v2\/comments?post=10354"}],"version-history":[{"count":6,"href":"https:\/\/www.drhakanerbilpoliklinigi.com\/de\/wp-json\/wp\/v2\/pages\/10354\/revisions"}],"predecessor-version":[{"id":11730,"href":"https:\/\/www.drhakanerbilpoliklinigi.com\/de\/wp-json\/wp\/v2\/pages\/10354\/revisions\/11730"}],"wp:attachment":[{"href":"https:\/\/www.drhakanerbilpoliklinigi.com\/de\/wp-json\/wp\/v2\/media?parent=10354"}],"curies":[{"name":"wp","href":"https:\/\/api.w.org\/{rel}","templated":true}]}}