{"id":10171,"date":"2021-07-28T15:42:29","date_gmt":"2021-07-28T12:42:29","guid":{"rendered":"https:\/\/www.drhakanerbilpoliklinigi.com\/?page_id=10171"},"modified":"2024-02-20T19:34:00","modified_gmt":"2024-02-20T16:34:00","slug":"prp-uygulamasi","status":"publish","type":"page","link":"https:\/\/www.drhakanerbilpoliklinigi.com\/de\/dermoestetik\/prp-uygulamasi\/","title":{"rendered":"PRP-Anwendungen"},"content":{"rendered":"<div class=\"wpb-content-wrapper\"><p>[vc_row][vc_column width=&#8220;1\/2&#8243;][vc_custom_heading text=&#8220;PRP-ANWENDUNG f\u00fcr GESICHT&#8220; font_container=&#8220;tag:h2|font_size:30px|text_align:center|color:%23000000&#8243; use_theme_fonts=&#8220;yes&#8220; el_class=&#8220;font-weight:bolder;&#8220;]<div class='dt-sc-icon-box type2 '><div class=\"icon-wrapper\"><img loading=\"lazy\" decoding=\"async\" width=\"500\" height=\"500\" src=\"https:\/\/www.drhakanerbilpoliklinigi.com\/wp-content\/uploads\/2021\/12\/yuz-prp-xxx.jpg\" class=\"attachment-full\" alt=\"\" title=\"yuz-prp-xxx\" srcset=\"https:\/\/www.drhakanerbilpoliklinigi.com\/wp-content\/uploads\/2021\/12\/yuz-prp-xxx.jpg 500w, https:\/\/www.drhakanerbilpoliklinigi.com\/wp-content\/uploads\/2021\/12\/yuz-prp-xxx-300x300.jpg 300w, https:\/\/www.drhakanerbilpoliklinigi.com\/wp-content\/uploads\/2021\/12\/yuz-prp-xxx-150x150.jpg 150w\" sizes=\"(max-width: 500px) 100vw, 500px\" \/><\/div><div class=\"icon-content\"><p>PRP wird durch die Injektion von pl\u00e4ttchenreichem Plasma, das durch Zentrifugieren des eigenen Blutes gewonnen wird, in das Gesicht durchgef\u00fchrt. Verschiedene von Blutpl\u00e4ttchen abgesonderte Wachstumsfaktoren bewirken einen Biorevitalisierungseffekt (Hauterneuerung) auf der Haut.<\/p><\/div><\/div>[\/vc_column][vc_column width=&#8220;1\/2&#8243;][vc_custom_heading text=&#8220;PRP ANWENDUNG f\u00fcr HAAR&#8220; font_container=&#8220;tag:h2|font_size:30px|text_align:center|color:%23000000&#8243; use_theme_fonts=&#8220;yes&#8220; el_class=&#8220;font-weight:bolder;&#8220;]<div class='dt-sc-icon-box type2 '><div class=\"icon-wrapper\"><img loading=\"lazy\" decoding=\"async\" width=\"500\" height=\"500\" src=\"https:\/\/www.drhakanerbilpoliklinigi.com\/wp-content\/uploads\/2021\/11\/sac-prp-x.jpg\" class=\"attachment-full\" alt=\"\" title=\"sac-prp-x\" srcset=\"https:\/\/www.drhakanerbilpoliklinigi.com\/wp-content\/uploads\/2021\/11\/sac-prp-x.jpg 500w, https:\/\/www.drhakanerbilpoliklinigi.com\/wp-content\/uploads\/2021\/11\/sac-prp-x-300x300.jpg 300w, https:\/\/www.drhakanerbilpoliklinigi.com\/wp-content\/uploads\/2021\/11\/sac-prp-x-150x150.jpg 150w\" sizes=\"(max-width: 500px) 100vw, 500px\" \/><\/div><div class=\"icon-content\"><p>PRP ist eine h\u00e4ufig eingesetzte Methode bei m\u00e4nnlichem Haarausfall (androgenetische Alopezie). Es wird auch h\u00e4ufig nach einer Haartransplantation eingesetzt, um die Qualit\u00e4t des transplantierten Haares zu verbessern.<\/p><\/div><\/div>[\/vc_column][\/vc_row][vc_row][vc_column width=&#8220;1\/2&#8243;]<a href='https:\/\/www.drhakanerbilpoliklinigi.com\/de\/dermoestetik\/prp-uygulamasi\/yuz\/' target='_self' title='f\u00fcr Gesicht' class='dt-sc-button   small     ' > Weiterlesen <\/a>[\/vc_column][vc_column width=&#8220;1\/2&#8243;]<a href='https:\/\/www.drhakanerbilpoliklinigi.com\/de\/dermoestetik\/prp-uygulamasi\/sac\/' target='_self' title='f\u00fcr Haar' class='dt-sc-button   small     ' > Weiterlesen <\/a>[\/vc_column][\/vc_row]<\/p>\n<\/div>","protected":false},"excerpt":{"rendered":"<p>[vc_row][vc_column width=&#8220;1\/2&#8243;][vc_custom_heading text=&#8220;PRP-ANWENDUNG f\u00fcr GESICHT&#8220; font_container=&#8220;tag:h2|font_size:30px|text_align:center|color:%23000000&#8243; use_theme_fonts=&#8220;yes&#8220; el_class=&#8220;font-weight:bolder;&#8220;][\/vc_column][vc_column width=&#8220;1\/2&#8243;][vc_custom_heading text=&#8220;PRP ANWENDUNG f\u00fcr HAAR&#8220; font_container=&#8220;tag:h2|font_size:30px|text_align:center|color:%23000000&#8243; use_theme_fonts=&#8220;yes&#8220; el_class=&#8220;font-weight:bolder;&#8220;][\/vc_column][\/vc_row][vc_row][vc_column width=&#8220;1\/2&#8243;][\/vc_column][vc_column width=&#8220;1\/2&#8243;][\/vc_column][\/vc_row]<\/p>\n","protected":false},"author":1,"featured_media":0,"parent":10130,"menu_order":0,"comment_status":"closed","ping_status":"closed","template":"","meta":{"footnotes":""},"_links":{"self":[{"href":"https:\/\/www.drhakanerbilpoliklinigi.com\/de\/wp-json\/wp\/v2\/pages\/10171"}],"collection":[{"href":"https:\/\/www.drhakanerbilpoliklinigi.com\/de\/wp-json\/wp\/v2\/pages"}],"about":[{"href":"https:\/\/www.drhakanerbilpoliklinigi.com\/de\/wp-json\/wp\/v2\/types\/page"}],"author":[{"embeddable":true,"href":"https:\/\/www.drhakanerbilpoliklinigi.com\/de\/wp-json\/wp\/v2\/users\/1"}],"replies":[{"embeddable":true,"href":"https:\/\/www.drhakanerbilpoliklinigi.com\/de\/wp-json\/wp\/v2\/comments?post=10171"}],"version-history":[{"count":19,"href":"https:\/\/www.drhakanerbilpoliklinigi.com\/de\/wp-json\/wp\/v2\/pages\/10171\/revisions"}],"predecessor-version":[{"id":12102,"href":"https:\/\/www.drhakanerbilpoliklinigi.com\/de\/wp-json\/wp\/v2\/pages\/10171\/revisions\/12102"}],"up":[{"embeddable":true,"href":"https:\/\/www.drhakanerbilpoliklinigi.com\/de\/wp-json\/wp\/v2\/pages\/10130"}],"wp:attachment":[{"href":"https:\/\/www.drhakanerbilpoliklinigi.com\/de\/wp-json\/wp\/v2\/media?parent=10171"}],"curies":[{"name":"wp","href":"https:\/\/api.w.org\/{rel}","templated":true}]}}