{"id":10169,"date":"2021-07-28T15:41:47","date_gmt":"2021-07-28T12:41:47","guid":{"rendered":"https:\/\/www.drhakanerbilpoliklinigi.com\/?page_id=10169"},"modified":"2024-08-19T01:40:30","modified_gmt":"2024-08-18T22:40:30","slug":"vucut","status":"publish","type":"page","link":"https:\/\/www.drhakanerbilpoliklinigi.com\/de\/dermoestetik\/mezoterapi-uygulamalari\/vucut\/","title":{"rendered":"Mesotherapie f\u00fcr K\u00f6rper"},"content":{"rendered":"<div class=\"wpb-content-wrapper\"><p>[vc_row][vc_column width=&#8220;1\/2&#8243;][vc_single_image image=&#8220;10554&#8243; img_size=&#8220;medium&#8220;][\/vc_column][vc_column width=&#8220;1\/2&#8243;][vc_column_text]<\/p>\n<p>&nbsp;<\/p>\n<p>Mesotherapie-Produkte bestehend aus einzelnen oder kombinierten Wirkstoffmischungen werden zur Straffung, Cellulite- und Dehnungsstreifenreduzierung sowie regionalen Schlankheitskuren (Backen- und Bauchschmelzung, Lipolyse etc.) eingesetzt. Anwendungsgebiete sind H\u00e4nde, Hals, Dekollet\u00e9, Beine und H\u00fcfte. Die Anwendung erfolgt in 10 Sitzungen im Abstand von 7\u201315 Tagen. Es l\u00e4sst sich problemlos mit anderen Anwendungen kombinieren. Die Schmerzen liegen auf einem akzeptablen Niveau.[\/vc_column_text][\/vc_column][\/vc_row]<\/p>\n<\/div>","protected":false},"excerpt":{"rendered":"<p>[vc_row][vc_column width=&#8220;1\/2&#8243;][vc_single_image image=&#8220;10554&#8243; img_size=&#8220;medium&#8220;][\/vc_column][vc_column width=&#8220;1\/2&#8243;][vc_column_text] &nbsp; Mesotherapie-Produkte bestehend aus einzelnen oder kombinierten Wirkstoffmischungen werden zur Straffung, Cellulite- und Dehnungsstreifenreduzierung sowie regionalen Schlankheitskuren (Backen- und Bauchschmelzung, Lipolyse etc.) eingesetzt. Anwendungsgebiete sind [&hellip;]<\/p>\n","protected":false},"author":1,"featured_media":0,"parent":10144,"menu_order":0,"comment_status":"closed","ping_status":"closed","template":"","meta":{"footnotes":""},"_links":{"self":[{"href":"https:\/\/www.drhakanerbilpoliklinigi.com\/de\/wp-json\/wp\/v2\/pages\/10169"}],"collection":[{"href":"https:\/\/www.drhakanerbilpoliklinigi.com\/de\/wp-json\/wp\/v2\/pages"}],"about":[{"href":"https:\/\/www.drhakanerbilpoliklinigi.com\/de\/wp-json\/wp\/v2\/types\/page"}],"author":[{"embeddable":true,"href":"https:\/\/www.drhakanerbilpoliklinigi.com\/de\/wp-json\/wp\/v2\/users\/1"}],"replies":[{"embeddable":true,"href":"https:\/\/www.drhakanerbilpoliklinigi.com\/de\/wp-json\/wp\/v2\/comments?post=10169"}],"version-history":[{"count":24,"href":"https:\/\/www.drhakanerbilpoliklinigi.com\/de\/wp-json\/wp\/v2\/pages\/10169\/revisions"}],"predecessor-version":[{"id":12434,"href":"https:\/\/www.drhakanerbilpoliklinigi.com\/de\/wp-json\/wp\/v2\/pages\/10169\/revisions\/12434"}],"up":[{"embeddable":true,"href":"https:\/\/www.drhakanerbilpoliklinigi.com\/de\/wp-json\/wp\/v2\/pages\/10144"}],"wp:attachment":[{"href":"https:\/\/www.drhakanerbilpoliklinigi.com\/de\/wp-json\/wp\/v2\/media?parent=10169"}],"curies":[{"name":"wp","href":"https:\/\/api.w.org\/{rel}","templated":true}]}}