{"id":10162,"date":"2021-07-28T15:39:23","date_gmt":"2021-07-28T12:39:23","guid":{"rendered":"https:\/\/www.drhakanerbilpoliklinigi.com\/?page_id=10162"},"modified":"2024-08-19T03:29:39","modified_gmt":"2024-08-19T00:29:39","slug":"yuz","status":"publish","type":"page","link":"https:\/\/www.drhakanerbilpoliklinigi.com\/de\/dermoestetik\/dolgu-uygulamalari\/yuz\/","title":{"rendered":"ANWENDUNGEN ZUR GESICHTSF\u00dcLLUNG"},"content":{"rendered":"<div class=\"wpb-content-wrapper\"><p>[vc_row][vc_column width=&#8220;1\/2&#8243;][vc_single_image image=&#8220;10923&#8243; img_size=&#8220;large&#8220;][\/vc_column][vc_column width=&#8220;1\/2&#8243;][vc_column_text]<\/p>\n<p>&nbsp;<\/p>\n<p>&nbsp;<\/p>\n<p>&nbsp;<\/p>\n<p>&nbsp;<\/p>\n<p>Zur F\u00fcllung werden heute Substanzen wie Hyalurons\u00e4ure, Calciumhydroxylapatit, Polycaprolacton und Poly-L-Milchs\u00e4ure verwendet. Unter diesen wird Hyalurons\u00e4ure am h\u00e4ufigsten verwendet und kann in fast allen Bereichen des Gesichts angewendet werden. Nase, Lippen, Wangenknochen, Kinn- und Kieferlinie (Jaw-Line), Nasolabialfalten, Marionettenfalten, Schl\u00e4fe, Augenh\u00f6hlenfurche und Stirn sind die Anwendungsbereiche des Fillers. Fragen Sie unbedingt Ihren Arzt nach dem Aufkleber mit der Marke, dem Verfallsdatum und der Chargennummer des verwendeten F\u00fcllstoffs und bewahren Sie ihn auf. Es ist sehr wichtig zu wissen, welcher F\u00fcllstoff bei der n\u00e4chsten Anwendung verwendet wird.[\/vc_column_text][\/vc_column][\/vc_row]<\/p>\n<\/div>","protected":false},"excerpt":{"rendered":"<p>[vc_row][vc_column width=&#8220;1\/2&#8243;][vc_single_image image=&#8220;10923&#8243; img_size=&#8220;large&#8220;][\/vc_column][vc_column width=&#8220;1\/2&#8243;][vc_column_text] &nbsp; &nbsp; &nbsp; &nbsp; Zur F\u00fcllung werden heute Substanzen wie Hyalurons\u00e4ure, Calciumhydroxylapatit, Polycaprolacton und Poly-L-Milchs\u00e4ure verwendet. Unter diesen wird Hyalurons\u00e4ure am h\u00e4ufigsten verwendet und kann [&hellip;]<\/p>\n","protected":false},"author":1,"featured_media":0,"parent":10142,"menu_order":0,"comment_status":"closed","ping_status":"closed","template":"","meta":{"footnotes":""},"_links":{"self":[{"href":"https:\/\/www.drhakanerbilpoliklinigi.com\/de\/wp-json\/wp\/v2\/pages\/10162"}],"collection":[{"href":"https:\/\/www.drhakanerbilpoliklinigi.com\/de\/wp-json\/wp\/v2\/pages"}],"about":[{"href":"https:\/\/www.drhakanerbilpoliklinigi.com\/de\/wp-json\/wp\/v2\/types\/page"}],"author":[{"embeddable":true,"href":"https:\/\/www.drhakanerbilpoliklinigi.com\/de\/wp-json\/wp\/v2\/users\/1"}],"replies":[{"embeddable":true,"href":"https:\/\/www.drhakanerbilpoliklinigi.com\/de\/wp-json\/wp\/v2\/comments?post=10162"}],"version-history":[{"count":22,"href":"https:\/\/www.drhakanerbilpoliklinigi.com\/de\/wp-json\/wp\/v2\/pages\/10162\/revisions"}],"predecessor-version":[{"id":12445,"href":"https:\/\/www.drhakanerbilpoliklinigi.com\/de\/wp-json\/wp\/v2\/pages\/10162\/revisions\/12445"}],"up":[{"embeddable":true,"href":"https:\/\/www.drhakanerbilpoliklinigi.com\/de\/wp-json\/wp\/v2\/pages\/10142"}],"wp:attachment":[{"href":"https:\/\/www.drhakanerbilpoliklinigi.com\/de\/wp-json\/wp\/v2\/media?parent=10162"}],"curies":[{"name":"wp","href":"https:\/\/api.w.org\/{rel}","templated":true}]}}