{"id":10142,"date":"2021-07-28T15:33:22","date_gmt":"2021-07-28T12:33:22","guid":{"rendered":"https:\/\/www.drhakanerbilpoliklinigi.com\/?page_id=10142"},"modified":"2024-02-21T19:25:51","modified_gmt":"2024-02-21T16:25:51","slug":"dolgu-uygulamalari","status":"publish","type":"page","link":"https:\/\/www.drhakanerbilpoliklinigi.com\/de\/dermoestetik\/dolgu-uygulamalari\/","title":{"rendered":"Filler Anwendungen"},"content":{"rendered":"<div class=\"wpb-content-wrapper\"><p>[vc_row][vc_column width=&#8220;1\/2&#8243;][vc_custom_heading text=&#8220;FILLER ANWENDUNGEN f\u00fcr GESICHT&#8220; font_container=&#8220;tag:h2|font_size:20px|text_align:center|color:%23000000&#8243; use_theme_fonts=&#8220;yes&#8220; el_class=&#8220;font-weight:bolder;&#8220;]<div class='dt-sc-icon-box type2 '><div class=\"icon-wrapper\"><img loading=\"lazy\" decoding=\"async\" width=\"500\" height=\"500\" src=\"https:\/\/www.drhakanerbilpoliklinigi.com\/wp-content\/uploads\/2021\/11\/yuz-dolgux.jpg\" class=\"attachment-full\" alt=\"\" title=\"yuz-dolgux\" srcset=\"https:\/\/www.drhakanerbilpoliklinigi.com\/wp-content\/uploads\/2021\/11\/yuz-dolgux.jpg 500w, https:\/\/www.drhakanerbilpoliklinigi.com\/wp-content\/uploads\/2021\/11\/yuz-dolgux-300x300.jpg 300w, https:\/\/www.drhakanerbilpoliklinigi.com\/wp-content\/uploads\/2021\/11\/yuz-dolgux-150x150.jpg 150w\" sizes=\"(max-width: 500px) 100vw, 500px\" \/><\/div><div class=\"icon-content\"><p>Heutzutage werden zum Auff\u00fcllen Substanzen wie Hyalurons\u00e4ure, Calciumhydroxyapatit, Polycaprolacton und Poly-L-Milchs\u00e4ure verwendet. Unter ihnen ist Hyalurons\u00e4ure die am h\u00e4ufigsten verwendete und wird in fast allen Regionen des Gesichts verwendet.<\/p><\/div><\/div>[\/vc_column][vc_column width=&#8220;1\/2&#8243;][vc_custom_heading text=&#8220;FILLER ANWENDUNGEN f\u00fcr K\u00d6RPER&#8220; font_container=&#8220;tag:h2|font_size:20px|text_align:center|color:%23000000&#8243; use_theme_fonts=&#8220;yes&#8220; el_class=&#8220;font-weight:bolder;&#8220;]<div class='dt-sc-icon-box type2 '><div class=\"icon-wrapper\"><img loading=\"lazy\" decoding=\"async\" width=\"500\" height=\"500\" src=\"https:\/\/www.drhakanerbilpoliklinigi.com\/wp-content\/uploads\/2021\/11\/vucut-dolgu-uygulamalarix.jpg\" class=\"attachment-full\" alt=\"\" title=\"vucut-dolgu-uygulamalarix\" srcset=\"https:\/\/www.drhakanerbilpoliklinigi.com\/wp-content\/uploads\/2021\/11\/vucut-dolgu-uygulamalarix.jpg 500w, https:\/\/www.drhakanerbilpoliklinigi.com\/wp-content\/uploads\/2021\/11\/vucut-dolgu-uygulamalarix-300x300.jpg 300w, https:\/\/www.drhakanerbilpoliklinigi.com\/wp-content\/uploads\/2021\/11\/vucut-dolgu-uygulamalarix-150x150.jpg 150w\" sizes=\"(max-width: 500px) 100vw, 500px\" \/><\/div><div class=\"icon-content\"><p>Brust und H\u00fcfte sind Bereiche des K\u00f6rpers, in denen F\u00fcllstoffe eingesetzt werden k\u00f6nnen. Es kann eine Alternative f\u00fcr Menschen sein, die keine Operation w\u00fcnschen. Erfolgreiche Ergebnisse werden auch bei K\u00f6rperteilen mit Asymmetrie und Atrophie (Schrumpfung) erzielt.<\/p><\/div><\/div>[\/vc_column][\/vc_row][vc_row][vc_column width=&#8220;1\/2&#8243;]<a href='https:\/\/www.drhakanerbilpoliklinigi.com\/de\/dermoestetik\/dolgu-uygulamalari\/yuz\/' target='_self' title='f\u00fcr Gesicht' class='dt-sc-button   small     ' > Weiterlesen <\/a>[\/vc_column][vc_column width=&#8220;1\/2&#8243;]<a href='https:\/\/www.drhakanerbilpoliklinigi.com\/de\/dermoestetik\/dolgu-uygulamalari\/vucut\/' target='_self' title='f\u00fcr K\u00f6rper' class='dt-sc-button   small     ' > Weiterlesen <\/a>[\/vc_column][\/vc_row]<\/p>\n<\/div>","protected":false},"excerpt":{"rendered":"<p>[vc_row][vc_column width=&#8220;1\/2&#8243;][vc_custom_heading text=&#8220;FILLER ANWENDUNGEN f\u00fcr GESICHT&#8220; font_container=&#8220;tag:h2|font_size:20px|text_align:center|color:%23000000&#8243; use_theme_fonts=&#8220;yes&#8220; el_class=&#8220;font-weight:bolder;&#8220;][\/vc_column][vc_column width=&#8220;1\/2&#8243;][vc_custom_heading text=&#8220;FILLER ANWENDUNGEN f\u00fcr K\u00d6RPER&#8220; font_container=&#8220;tag:h2|font_size:20px|text_align:center|color:%23000000&#8243; use_theme_fonts=&#8220;yes&#8220; el_class=&#8220;font-weight:bolder;&#8220;][\/vc_column][\/vc_row][vc_row][vc_column width=&#8220;1\/2&#8243;][\/vc_column][vc_column width=&#8220;1\/2&#8243;][\/vc_column][\/vc_row]<\/p>\n","protected":false},"author":1,"featured_media":0,"parent":10130,"menu_order":0,"comment_status":"closed","ping_status":"closed","template":"","meta":{"footnotes":""},"_links":{"self":[{"href":"https:\/\/www.drhakanerbilpoliklinigi.com\/de\/wp-json\/wp\/v2\/pages\/10142"}],"collection":[{"href":"https:\/\/www.drhakanerbilpoliklinigi.com\/de\/wp-json\/wp\/v2\/pages"}],"about":[{"href":"https:\/\/www.drhakanerbilpoliklinigi.com\/de\/wp-json\/wp\/v2\/types\/page"}],"author":[{"embeddable":true,"href":"https:\/\/www.drhakanerbilpoliklinigi.com\/de\/wp-json\/wp\/v2\/users\/1"}],"replies":[{"embeddable":true,"href":"https:\/\/www.drhakanerbilpoliklinigi.com\/de\/wp-json\/wp\/v2\/comments?post=10142"}],"version-history":[{"count":24,"href":"https:\/\/www.drhakanerbilpoliklinigi.com\/de\/wp-json\/wp\/v2\/pages\/10142\/revisions"}],"predecessor-version":[{"id":12242,"href":"https:\/\/www.drhakanerbilpoliklinigi.com\/de\/wp-json\/wp\/v2\/pages\/10142\/revisions\/12242"}],"up":[{"embeddable":true,"href":"https:\/\/www.drhakanerbilpoliklinigi.com\/de\/wp-json\/wp\/v2\/pages\/10130"}],"wp:attachment":[{"href":"https:\/\/www.drhakanerbilpoliklinigi.com\/de\/wp-json\/wp\/v2\/media?parent=10142"}],"curies":[{"name":"wp","href":"https:\/\/api.w.org\/{rel}","templated":true}]}}